{"id":514,"date":"2015-04-16T18:51:55","date_gmt":"2015-04-16T18:51:55","guid":{"rendered":"http:\/\/www.fotokopia.hu\/wp\/?page_id=514"},"modified":"2025-01-10T13:17:35","modified_gmt":"2025-01-10T13:17:35","slug":"kiallitas-2","status":"publish","type":"page","link":"https:\/\/www.fotokopia.hu\/?page_id=514","title":{"rendered":"Ki\u00e1ll\u00edt\u00e1s"},"content":{"rendered":"\t\t<div data-elementor-type=\"wp-page\" data-elementor-id=\"514\" class=\"elementor elementor-514\">\n\t\t\t\t<div class=\"elementor-element elementor-element-306f5c5a e-flex e-con-boxed wpr-particle-no wpr-jarallax-no wpr-parallax-no wpr-sticky-section-no e-con e-parent\" data-id=\"306f5c5a\" data-element_type=\"container\" data-settings=\"{&quot;background_background&quot;:&quot;classic&quot;}\">\n\t\t\t\t\t<div class=\"e-con-inner\">\n\t\t\t\t<div class=\"elementor-element elementor-element-9363150 elementor-widget elementor-widget-heading\" data-id=\"9363150\" data-element_type=\"widget\" data-widget_type=\"heading.default\">\n\t\t\t\t<div class=\"elementor-widget-container\">\n\t\t\t\t\t<h2 class=\"elementor-heading-title elementor-size-default\">Ki\u00e1ll\u00edt\u00e1saim<\/h2>\t\t\t\t<\/div>\n\t\t\t\t<\/div>\n\t\t\t\t<div class=\"elementor-element elementor-element-7486550f elementor-widget elementor-widget-text-editor\" data-id=\"7486550f\" data-element_type=\"widget\" data-widget_type=\"text-editor.default\">\n\t\t\t\t<div class=\"elementor-widget-container\">\n\t\t\t\t\t\t\t\t\t<h5>N\u0151i l\u00e9lek<\/h5><p>Vajon mit\u0151l lesz igaz\u00e1n n\u0151ies egy n\u0151? Hogy viszonyulunk mi n\u0151k a saj\u00e1t n\u0151is\u00e9g\u00fcnkh\u00f6z? Val\u00f3ban titokzatos \u00e9s kiismerhetetlen a mi vil\u00e1gunk? Hisz\u00fcnk-e m\u00e9g a term\u00e9szetes sz\u00e9ps\u00e9gben, \u00e9s ha igen, meg tudjuk-e \u0151rizni azt?<\/p><p>T\u00f6bbek k\u00f6z\u00f6tt ezekre a k\u00e9rd\u00e9sekre kerestem a v\u00e1laszt, amikor 2011 \u0151sz\u00e9n r\u00e1tal\u00e1ltam a Margitszigeten arra a k\u00fcl\u00f6nleges f\u00e1ra, ahol a portr\u00e9k elk\u00e9sz\u00fcltek.<\/p><p>Az volt a c\u00e9lom, hogy megmutassam modelljeim val\u00f3di, ugyanakkor t\u00f6bbf\u00e9le arc\u00e1t, sz\u00e1nd\u00e9kosan \u00e9rv\u00e9nyes\u00fclni hagyva a term\u00e9szetes f\u00e9ny-\u00e1rny\u00e9k j\u00e1t\u00e9kokat.<\/p><p>Mind\u00f6ssze h\u00e1rom sz\u00f3ban mit jelent sz\u00e1momra a n\u0151iess\u00e9g?<br \/>Kecsess\u00e9g, anyas\u00e1g, titok.<\/p><p>A sorozat alapj\u00e1t k\u00e9pez\u0151 30 fot\u00f3 2015. szeptember\u00e9ben \u00a0volt l\u00e1that\u00f3 a budapesti Puskin K\u00e1v\u00e9z\u00f3ban, majd 2016 m\u00e1jus\u00e1ban \u0150riszentp\u00e9teren, a Vir\u00e1gz\u00e1s Napjai programsorozat keret\u00e9ben. Itt a teljes anyag megtekinthet\u0151.<\/p>\t\t\t\t\t\t\t\t<\/div>\n\t\t\t\t<\/div>\n\t\t\t\t<div class=\"elementor-element elementor-element-2dd7879 elementor-widget elementor-widget-ucaddon_uc_compact_image_theme\" data-id=\"2dd7879\" data-element_type=\"widget\" data-widget_type=\"ucaddon_uc_compact_image_theme.default\">\n\t\t\t\t<div class=\"elementor-widget-container\">\n\t\t\t\t\t\n<!-- start Compact Gallery -->\n\t\t<link id='unitegallery-css' href='https:\/\/www.fotokopia.hu\/wp\/wp-content\/plugins\/unlimited-elements-for-elementor\/assets_libraries\/unitegallery\/css\/unite-gallery.css' type='text\/css' rel='stylesheet' >\n\n\n<div id=\"uc_uc_compact_image_theme_elementor_2dd7879\" class=\"uc-items-wrapper  \" style=\"display:none; margin:0 auto;\"  data-remote-type=\"gallery\" data-custom-sethtml=\"true\" >\n\n\n<img decoding=\"async\" alt=\"noi lelek zsuzsi 4\"\n   src=\"https:\/\/www.fotokopia.hu\/wp\/wp-content\/uploads\/2015\/09\/noi-lelek-zsuzsi-4-1-768x538.jpg\"\n    data-image=\"https:\/\/www.fotokopia.hu\/wp\/wp-content\/uploads\/2015\/09\/noi-lelek-zsuzsi-4-1.jpg\"\n    data-title=\"noi lelek zsuzsi 4\">\n\n<img decoding=\"async\" alt=\"noi lelek zsuzsi 2\"\n   src=\"https:\/\/www.fotokopia.hu\/wp\/wp-content\/uploads\/2015\/09\/noi-lelek-zsuzsi-2-1-768x538.jpg\"\n    data-image=\"https:\/\/www.fotokopia.hu\/wp\/wp-content\/uploads\/2015\/09\/noi-lelek-zsuzsi-2-1.jpg\"\n    data-title=\"noi lelek zsuzsi 2\">\n\n<img decoding=\"async\" alt=\"noilelek1\"\n   src=\"https:\/\/www.fotokopia.hu\/wp\/wp-content\/uploads\/2015\/09\/noilelek1-768x538.jpg\"\n    data-image=\"https:\/\/www.fotokopia.hu\/wp\/wp-content\/uploads\/2015\/09\/noilelek1.jpg\"\n    data-title=\"noilelek1\">\n\n<img decoding=\"async\" alt=\"noilelk3\"\n   src=\"https:\/\/www.fotokopia.hu\/wp\/wp-content\/uploads\/2015\/09\/noilelk3-768x538.jpg\"\n    data-image=\"https:\/\/www.fotokopia.hu\/wp\/wp-content\/uploads\/2015\/09\/noilelk3.jpg\"\n    data-title=\"noilelk3\">\n\n<img decoding=\"async\" alt=\"noilelek2\"\n   src=\"https:\/\/www.fotokopia.hu\/wp\/wp-content\/uploads\/2015\/09\/noilelek2-768x538.jpg\"\n    data-image=\"https:\/\/www.fotokopia.hu\/wp\/wp-content\/uploads\/2015\/09\/noilelek2.jpg\"\n    data-title=\"noilelek2\">\n\n<img decoding=\"async\" alt=\"buxy 3\"\n   src=\"https:\/\/www.fotokopia.hu\/wp\/wp-content\/uploads\/2015\/09\/buxy-3-1-768x1097.jpg\"\n    data-image=\"https:\/\/www.fotokopia.hu\/wp\/wp-content\/uploads\/2015\/09\/buxy-3-1.jpg\"\n    data-title=\"buxy 3\">\n\n<img decoding=\"async\" alt=\"agi4\"\n   src=\"https:\/\/www.fotokopia.hu\/wp\/wp-content\/uploads\/2015\/09\/agi4-1-768x1147.jpg\"\n    data-image=\"https:\/\/www.fotokopia.hu\/wp\/wp-content\/uploads\/2015\/09\/agi4-1.jpg\"\n    data-title=\"agi4\">\n\n<img decoding=\"async\" alt=\"agi2\"\n   src=\"https:\/\/www.fotokopia.hu\/wp\/wp-content\/uploads\/2015\/09\/agi2-1-768x514.jpg\"\n    data-image=\"https:\/\/www.fotokopia.hu\/wp\/wp-content\/uploads\/2015\/09\/agi2-1.jpg\"\n    data-title=\"agi2\">\n\n<img decoding=\"async\" alt=\"agi 2\"\n   src=\"https:\/\/www.fotokopia.hu\/wp\/wp-content\/uploads\/2015\/09\/agi-2-2-768x538.jpg\"\n    data-image=\"https:\/\/www.fotokopia.hu\/wp\/wp-content\/uploads\/2015\/09\/agi-2-2.jpg\"\n    data-title=\"agi 2\">\n\n<img decoding=\"async\" alt=\"birgitte 4\"\n   src=\"https:\/\/www.fotokopia.hu\/wp\/wp-content\/uploads\/2015\/09\/birgitte-4-768x1097.jpg\"\n    data-image=\"https:\/\/www.fotokopia.hu\/wp\/wp-content\/uploads\/2015\/09\/birgitte-4.jpg\"\n    data-title=\"birgitte 4\">\n\n<img decoding=\"async\" alt=\"betti 1\"\n   src=\"https:\/\/www.fotokopia.hu\/wp\/wp-content\/uploads\/2015\/09\/betti-1-768x1097.jpg\"\n    data-image=\"https:\/\/www.fotokopia.hu\/wp\/wp-content\/uploads\/2015\/09\/betti-1.jpg\"\n    data-title=\"betti 1\">\n\n<img decoding=\"async\" alt=\"dori 4\"\n   src=\"https:\/\/www.fotokopia.hu\/wp\/wp-content\/uploads\/2015\/09\/dori-4-768x1097.jpg\"\n    data-image=\"https:\/\/www.fotokopia.hu\/wp\/wp-content\/uploads\/2015\/09\/dori-4.jpg\"\n    data-title=\"dori 4\">\n\n<img decoding=\"async\" alt=\"birgitte 4\"\n   src=\"https:\/\/www.fotokopia.hu\/wp\/wp-content\/uploads\/2015\/09\/birgitte-4-1-768x1097.jpg\"\n    data-image=\"https:\/\/www.fotokopia.hu\/wp\/wp-content\/uploads\/2015\/09\/birgitte-4-1.jpg\"\n    data-title=\"birgitte 4\">\n\n<img decoding=\"async\" alt=\"nusi 3\"\n   src=\"https:\/\/www.fotokopia.hu\/wp\/wp-content\/uploads\/2015\/09\/nusi-3-768x538.jpg\"\n    data-image=\"https:\/\/www.fotokopia.hu\/wp\/wp-content\/uploads\/2015\/09\/nusi-3.jpg\"\n    data-title=\"nusi 3\">\n\n<img decoding=\"async\" alt=\"csibi\"\n   src=\"https:\/\/www.fotokopia.hu\/wp\/wp-content\/uploads\/2015\/09\/csibi-1-768x538.jpg\"\n    data-image=\"https:\/\/www.fotokopia.hu\/wp\/wp-content\/uploads\/2015\/09\/csibi-1.jpg\"\n    data-title=\"csibi\">\n\n  \n<\/div>\n<!-- end Compact Gallery -->\t\t\t\t<\/div>\n\t\t\t\t<\/div>\n\t\t\t\t<div class=\"elementor-element elementor-element-5a37280 elementor-widget elementor-widget-text-editor\" data-id=\"5a37280\" data-element_type=\"widget\" data-widget_type=\"text-editor.default\">\n\t\t\t\t<div class=\"elementor-widget-container\">\n\t\t\t\t\t\t\t\t\t<h5>El Camino<\/h5><p>Az El Camino egy k\u00f6zel 800 kilom\u00e9ter hossz\u00fa zar\u00e1ndok\u00fat, mely a Pireneusok l\u00e1b\u00e1t\u00f3l indulva \u00e1tszeli Spanyolorsz\u00e1g \u00e9szaki r\u00e9sz\u00e9t, \u00e9s az Atlanti\u00ad-\u00f3ce\u00e1nt\u00f3l mind\u00f6ssze 50 kilom\u00e9terre fekv\u0151 Santiago de Compostel\u00e1ba tart.<\/p><p>Az utat megj\u00e1rt bar\u00e1taimnak k\u00f6sz\u00f6nhetem, hogy 2008 nyar\u00e1n \u00e9n is\u00a0nekiv\u00e1gtam a hegynek, hogy a 35\u00ad-dik napon megl\u00e1thassam a Santiag\u00f3ban\u00a0\u00e1ll\u00f3 katedr\u00e1list.<\/p><p>Akkor megfogadtam, \u00fajra v\u00e9gigj\u00e1rom, hogy a k\u00e9peimmel\u00a0elmes\u00e9lhessem, milyen volt \u00faton lenni.<\/p><p>Ezek a k\u00e9pek 2010-\u00adben, m\u00e1sodik utamon k\u00e9sz\u00fcltek a Pireneusokban, a\u00a0Mezeta egy kis eldugott faluj\u00e1ban, a gal\u00edciai hegyekben&#8230;\u00e9s Finisterre\u00a0partj\u00e1n, a \u201evil\u00e1g v\u00e9g\u00e9n\u201d, ahol a zar\u00e1ndokok \u00fatja v\u00e9get \u00e9r, hogy\u00a0elkezd\u0151dhessen sz\u00e1mukra egy \u00fajabb&#8230;<\/p><p>A k\u00e9pekb\u0151l 2012 \u00e1prilis\u00e1ban a Puskin K\u00e1v\u00e9z\u00f3ban, \u00e9s 2013 m\u00e1jus\u00e1ban a\u00a0Vir\u00e1gz\u00e1s Napjai rendezv\u00e9nysorozat keretein bel\u00fcl \u0150riszentp\u00e9teren ny\u00edlt\u00a0ki\u00e1ll\u00edt\u00e1s.<\/p>\t\t\t\t\t\t\t\t<\/div>\n\t\t\t\t<\/div>\n\t\t\t\t<div class=\"elementor-element elementor-element-bc22523 elementor-widget elementor-widget-ucaddon_uc_compact_image_theme\" data-id=\"bc22523\" data-element_type=\"widget\" data-widget_type=\"ucaddon_uc_compact_image_theme.default\">\n\t\t\t\t<div class=\"elementor-widget-container\">\n\t\t\t\t\t\n<!-- start Compact Gallery -->\n\n\n<div id=\"uc_uc_compact_image_theme_elementor_bc22523\" class=\"uc-items-wrapper  \" style=\"display:none; margin:0 auto;\"  data-remote-type=\"gallery\" data-custom-sethtml=\"true\" >\n\n\n<img decoding=\"async\" alt=\"El Camino 6\"\n   src=\"https:\/\/www.fotokopia.hu\/wp\/wp-content\/uploads\/2015\/05\/El-Camino-6.jpg\"\n    data-image=\"https:\/\/www.fotokopia.hu\/wp\/wp-content\/uploads\/2015\/05\/El-Camino-6.jpg\"\n    data-title=\"El Camino 6\">\n\n<img decoding=\"async\" alt=\"El Camino 9\"\n   src=\"https:\/\/www.fotokopia.hu\/wp\/wp-content\/uploads\/2015\/05\/El-Camino-9.jpg\"\n    data-image=\"https:\/\/www.fotokopia.hu\/wp\/wp-content\/uploads\/2015\/05\/El-Camino-9.jpg\"\n    data-title=\"El Camino 9\">\n\n<img decoding=\"async\" alt=\"El Camino 8\"\n   src=\"https:\/\/www.fotokopia.hu\/wp\/wp-content\/uploads\/2015\/05\/El-Camino-8.jpg\"\n    data-image=\"https:\/\/www.fotokopia.hu\/wp\/wp-content\/uploads\/2015\/05\/El-Camino-8.jpg\"\n    data-title=\"El Camino 8\">\n\n<img decoding=\"async\" alt=\"El Camino 7\"\n   src=\"https:\/\/www.fotokopia.hu\/wp\/wp-content\/uploads\/2015\/05\/El-Camino-7.jpg\"\n    data-image=\"https:\/\/www.fotokopia.hu\/wp\/wp-content\/uploads\/2015\/05\/El-Camino-7.jpg\"\n    data-title=\"El Camino 7\">\n\n<img decoding=\"async\" alt=\"El Camino 5\"\n   src=\"https:\/\/www.fotokopia.hu\/wp\/wp-content\/uploads\/2015\/05\/El-Camino-5.jpg\"\n    data-image=\"https:\/\/www.fotokopia.hu\/wp\/wp-content\/uploads\/2015\/05\/El-Camino-5.jpg\"\n    data-title=\"El Camino 5\">\n\n<img decoding=\"async\" alt=\"El Camino 31\"\n   src=\"https:\/\/www.fotokopia.hu\/wp\/wp-content\/uploads\/2015\/05\/El-Camino-31.jpg\"\n    data-image=\"https:\/\/www.fotokopia.hu\/wp\/wp-content\/uploads\/2015\/05\/El-Camino-31.jpg\"\n    data-title=\"El Camino 31\">\n\n<img decoding=\"async\" alt=\"El Camino 4\"\n   src=\"https:\/\/www.fotokopia.hu\/wp\/wp-content\/uploads\/2015\/05\/El-Camino-4.jpg\"\n    data-image=\"https:\/\/www.fotokopia.hu\/wp\/wp-content\/uploads\/2015\/05\/El-Camino-4.jpg\"\n    data-title=\"El Camino 4\">\n\n<img decoding=\"async\" alt=\"El Camino 30\"\n   src=\"https:\/\/www.fotokopia.hu\/wp\/wp-content\/uploads\/2015\/05\/El-Camino-30.jpg\"\n    data-image=\"https:\/\/www.fotokopia.hu\/wp\/wp-content\/uploads\/2015\/05\/El-Camino-30.jpg\"\n    data-title=\"El Camino 30\">\n\n<img decoding=\"async\" alt=\"El Camino 3\"\n   src=\"https:\/\/www.fotokopia.hu\/wp\/wp-content\/uploads\/2015\/05\/El-Camino-3.jpg\"\n    data-image=\"https:\/\/www.fotokopia.hu\/wp\/wp-content\/uploads\/2015\/05\/El-Camino-3.jpg\"\n    data-title=\"El Camino 3\">\n\n<img decoding=\"async\" alt=\"El Camino 28\"\n   src=\"https:\/\/www.fotokopia.hu\/wp\/wp-content\/uploads\/2015\/05\/El-Camino-28.jpg\"\n    data-image=\"https:\/\/www.fotokopia.hu\/wp\/wp-content\/uploads\/2015\/05\/El-Camino-28.jpg\"\n    data-title=\"El Camino 28\">\n\n<img decoding=\"async\" alt=\"El Camino 29\"\n   src=\"https:\/\/www.fotokopia.hu\/wp\/wp-content\/uploads\/2015\/05\/El-Camino-29.jpg\"\n    data-image=\"https:\/\/www.fotokopia.hu\/wp\/wp-content\/uploads\/2015\/05\/El-Camino-29.jpg\"\n    data-title=\"El Camino 29\">\n\n<img decoding=\"async\" alt=\"El Camino 27\"\n   src=\"https:\/\/www.fotokopia.hu\/wp\/wp-content\/uploads\/2015\/05\/El-Camino-27.jpg\"\n    data-image=\"https:\/\/www.fotokopia.hu\/wp\/wp-content\/uploads\/2015\/05\/El-Camino-27.jpg\"\n    data-title=\"El Camino 27\">\n\n<img decoding=\"async\" alt=\"El Camino 26\"\n   src=\"https:\/\/www.fotokopia.hu\/wp\/wp-content\/uploads\/2015\/05\/El-Camino-26.jpg\"\n    data-image=\"https:\/\/www.fotokopia.hu\/wp\/wp-content\/uploads\/2015\/05\/El-Camino-26.jpg\"\n    data-title=\"El Camino 26\">\n\n<img decoding=\"async\" alt=\"El Camino 25\"\n   src=\"https:\/\/www.fotokopia.hu\/wp\/wp-content\/uploads\/2015\/05\/El-Camino-25.jpg\"\n    data-image=\"https:\/\/www.fotokopia.hu\/wp\/wp-content\/uploads\/2015\/05\/El-Camino-25.jpg\"\n    data-title=\"El Camino 25\">\n\n<img decoding=\"async\" alt=\"El Camino 22\"\n   src=\"https:\/\/www.fotokopia.hu\/wp\/wp-content\/uploads\/2015\/05\/El-Camino-22.jpg\"\n    data-image=\"https:\/\/www.fotokopia.hu\/wp\/wp-content\/uploads\/2015\/05\/El-Camino-22.jpg\"\n    data-title=\"El Camino 22\">\n\n<img decoding=\"async\" alt=\"El Camino 24\"\n   src=\"https:\/\/www.fotokopia.hu\/wp\/wp-content\/uploads\/2015\/05\/El-Camino-24.jpg\"\n    data-image=\"https:\/\/www.fotokopia.hu\/wp\/wp-content\/uploads\/2015\/05\/El-Camino-24.jpg\"\n    data-title=\"El Camino 24\">\n\n<img decoding=\"async\" alt=\"El Camino 21\"\n   src=\"https:\/\/www.fotokopia.hu\/wp\/wp-content\/uploads\/2015\/05\/El-Camino-21.jpg\"\n    data-image=\"https:\/\/www.fotokopia.hu\/wp\/wp-content\/uploads\/2015\/05\/El-Camino-21.jpg\"\n    data-title=\"El Camino 21\">\n\n<img decoding=\"async\" alt=\"El Camino 23\"\n   src=\"https:\/\/www.fotokopia.hu\/wp\/wp-content\/uploads\/2015\/05\/El-Camino-23.jpg\"\n    data-image=\"https:\/\/www.fotokopia.hu\/wp\/wp-content\/uploads\/2015\/05\/El-Camino-23.jpg\"\n    data-title=\"El Camino 23\">\n\n<img decoding=\"async\" alt=\"El Camino 20\"\n   src=\"https:\/\/www.fotokopia.hu\/wp\/wp-content\/uploads\/2015\/05\/El-Camino-20.jpg\"\n    data-image=\"https:\/\/www.fotokopia.hu\/wp\/wp-content\/uploads\/2015\/05\/El-Camino-20.jpg\"\n    data-title=\"El Camino 20\">\n\n<img decoding=\"async\" alt=\"El Camino 2\"\n   src=\"https:\/\/www.fotokopia.hu\/wp\/wp-content\/uploads\/2015\/05\/El-Camino-2.jpg\"\n    data-image=\"https:\/\/www.fotokopia.hu\/wp\/wp-content\/uploads\/2015\/05\/El-Camino-2.jpg\"\n    data-title=\"El Camino 2\">\n\n<img decoding=\"async\" alt=\"El Camino 19\"\n   src=\"https:\/\/www.fotokopia.hu\/wp\/wp-content\/uploads\/2015\/05\/El-Camino-19.jpg\"\n    data-image=\"https:\/\/www.fotokopia.hu\/wp\/wp-content\/uploads\/2015\/05\/El-Camino-19.jpg\"\n    data-title=\"El Camino 19\">\n\n<img decoding=\"async\" alt=\"El Camino 18\"\n   src=\"https:\/\/www.fotokopia.hu\/wp\/wp-content\/uploads\/2015\/05\/El-Camino-18.jpg\"\n    data-image=\"https:\/\/www.fotokopia.hu\/wp\/wp-content\/uploads\/2015\/05\/El-Camino-18.jpg\"\n    data-title=\"El Camino 18\">\n\n<img decoding=\"async\" alt=\"El Camino 17\"\n   src=\"https:\/\/www.fotokopia.hu\/wp\/wp-content\/uploads\/2015\/05\/El-Camino-17.jpg\"\n    data-image=\"https:\/\/www.fotokopia.hu\/wp\/wp-content\/uploads\/2015\/05\/El-Camino-17.jpg\"\n    data-title=\"El Camino 17\">\n\n<img decoding=\"async\" alt=\"El Camino 16\"\n   src=\"https:\/\/www.fotokopia.hu\/wp\/wp-content\/uploads\/2015\/05\/El-Camino-16.jpg\"\n    data-image=\"https:\/\/www.fotokopia.hu\/wp\/wp-content\/uploads\/2015\/05\/El-Camino-16.jpg\"\n    data-title=\"El Camino 16\">\n\n<img decoding=\"async\" alt=\"El Camino 15\"\n   src=\"https:\/\/www.fotokopia.hu\/wp\/wp-content\/uploads\/2015\/05\/El-Camino-15.jpg\"\n    data-image=\"https:\/\/www.fotokopia.hu\/wp\/wp-content\/uploads\/2015\/05\/El-Camino-15.jpg\"\n    data-title=\"El Camino 15\">\n\n<img decoding=\"async\" alt=\"El Camino 14\"\n   src=\"https:\/\/www.fotokopia.hu\/wp\/wp-content\/uploads\/2015\/05\/El-Camino-14.jpg\"\n    data-image=\"https:\/\/www.fotokopia.hu\/wp\/wp-content\/uploads\/2015\/05\/El-Camino-14.jpg\"\n    data-title=\"El Camino 14\">\n\n<img decoding=\"async\" alt=\"El Camino 12\"\n   src=\"https:\/\/www.fotokopia.hu\/wp\/wp-content\/uploads\/2015\/05\/El-Camino-12.jpg\"\n    data-image=\"https:\/\/www.fotokopia.hu\/wp\/wp-content\/uploads\/2015\/05\/El-Camino-12.jpg\"\n    data-title=\"El Camino 12\">\n\n<img decoding=\"async\" alt=\"El Camino 13\"\n   src=\"https:\/\/www.fotokopia.hu\/wp\/wp-content\/uploads\/2015\/05\/El-Camino-13.jpg\"\n    data-image=\"https:\/\/www.fotokopia.hu\/wp\/wp-content\/uploads\/2015\/05\/El-Camino-13.jpg\"\n    data-title=\"El Camino 13\">\n\n<img decoding=\"async\" alt=\"El Camino 10\"\n   src=\"https:\/\/www.fotokopia.hu\/wp\/wp-content\/uploads\/2015\/05\/El-Camino-10.jpg\"\n    data-image=\"https:\/\/www.fotokopia.hu\/wp\/wp-content\/uploads\/2015\/05\/El-Camino-10.jpg\"\n    data-title=\"El Camino 10\">\n\n<img decoding=\"async\" alt=\"El Camino 11\"\n   src=\"https:\/\/www.fotokopia.hu\/wp\/wp-content\/uploads\/2015\/05\/El-Camino-11.jpg\"\n    data-image=\"https:\/\/www.fotokopia.hu\/wp\/wp-content\/uploads\/2015\/05\/El-Camino-11.jpg\"\n    data-title=\"El Camino 11\">\n\n<img decoding=\"async\" alt=\"El Camino 1\"\n   src=\"https:\/\/www.fotokopia.hu\/wp\/wp-content\/uploads\/2015\/05\/El-Camino-1.jpg\"\n    data-image=\"https:\/\/www.fotokopia.hu\/wp\/wp-content\/uploads\/2015\/05\/El-Camino-1.jpg\"\n    data-title=\"El Camino 1\">\n\n  \n<\/div>\n<!-- end Compact Gallery -->\t\t\t\t<\/div>\n\t\t\t\t<\/div>\n\t\t\t\t\t<\/div>\n\t\t\t\t<\/div>\n\t\t\t\t<\/div>\n\t\t","protected":false},"excerpt":{"rendered":"<p>Ki\u00e1ll\u00edt\u00e1saim N\u0151i l\u00e9lek Vajon mit\u0151l lesz igaz\u00e1n n\u0151ies egy n\u0151? Hogy viszonyulunk mi n\u0151k a saj\u00e1t n\u0151is\u00e9g\u00fcnkh\u00f6z? Val\u00f3ban titokzatos \u00e9s kiismerhetetlen a mi vil\u00e1gunk? Hisz\u00fcnk-e m\u00e9g a term\u00e9szetes sz\u00e9ps\u00e9gben, \u00e9s ha igen, meg tudjuk-e \u0151rizni azt? T\u00f6bbek k\u00f6z\u00f6tt ezekre a k\u00e9rd\u00e9sekre kerestem a v\u00e1laszt, amikor 2011 \u0151sz\u00e9n r\u00e1tal\u00e1ltam a Margitszigeten arra a k\u00fcl\u00f6nleges f\u00e1ra, ahol a portr\u00e9k elk\u00e9sz\u00fcltek. Az volt a c\u00e9lom, hogy megmutassam modelljeim val\u00f3di, ugyanakkor t\u00f6bbf\u00e9le arc\u00e1t, sz\u00e1nd\u00e9kosan \u00e9rv\u00e9nyes\u00fclni hagyva a term\u00e9szetes f\u00e9ny-\u00e1rny\u00e9k j\u00e1t\u00e9kokat. Mind\u00f6ssze h\u00e1rom sz\u00f3ban mit jelent sz\u00e1momra a n\u0151iess\u00e9g?Kecsess\u00e9g, anyas\u00e1g, titok. A sorozat alapj\u00e1t k\u00e9pez\u0151 30 fot\u00f3 2015. szeptember\u00e9ben \u00a0volt l\u00e1that\u00f3 a budapesti Puskin K\u00e1v\u00e9z\u00f3ban, majd 2016 m\u00e1jus\u00e1ban \u0150riszentp\u00e9teren, a Vir\u00e1gz\u00e1s Napjai programsorozat keret\u00e9ben. Itt a teljes anyag megtekinthet\u0151. El Camino Az El Camino egy k\u00f6zel 800 kilom\u00e9ter hossz\u00fa zar\u00e1ndok\u00fat, mely a Pireneusok l\u00e1b\u00e1t\u00f3l indulva \u00e1tszeli Spanyolorsz\u00e1g \u00e9szaki r\u00e9sz\u00e9t, \u00e9s az Atlanti\u00ad-\u00f3ce\u00e1nt\u00f3l mind\u00f6ssze 50 kilom\u00e9terre fekv\u0151 Santiago de Compostel\u00e1ba tart. Az utat megj\u00e1rt bar\u00e1taimnak k\u00f6sz\u00f6nhetem, hogy 2008 nyar\u00e1n \u00e9n is\u00a0nekiv\u00e1gtam a hegynek, hogy a 35\u00ad-dik napon megl\u00e1thassam a Santiag\u00f3ban\u00a0\u00e1ll\u00f3 katedr\u00e1list. Akkor megfogadtam, \u00fajra v\u00e9gigj\u00e1rom, hogy a k\u00e9peimmel\u00a0elmes\u00e9lhessem, milyen volt \u00faton lenni. Ezek a k\u00e9pek 2010-\u00adben, m\u00e1sodik utamon k\u00e9sz\u00fcltek a Pireneusokban, a\u00a0Mezeta egy kis eldugott faluj\u00e1ban, a gal\u00edciai hegyekben&#8230;\u00e9s Finisterre\u00a0partj\u00e1n, a \u201evil\u00e1g v\u00e9g\u00e9n\u201d, ahol a zar\u00e1ndokok \u00fatja v\u00e9get \u00e9r, hogy\u00a0elkezd\u0151dhessen sz\u00e1mukra egy \u00fajabb&#8230; A k\u00e9pekb\u0151l 2012 \u00e1prilis\u00e1ban a Puskin K\u00e1v\u00e9z\u00f3ban, \u00e9s 2013 m\u00e1jus\u00e1ban a\u00a0Vir\u00e1gz\u00e1s Napjai rendezv\u00e9nysorozat keretein bel\u00fcl \u0150riszentp\u00e9teren ny\u00edlt\u00a0ki\u00e1ll\u00edt\u00e1s.<\/p>\n","protected":false},"author":1,"featured_media":0,"parent":0,"menu_order":0,"comment_status":"closed","ping_status":"closed","template":"elementor_canvas","meta":{"footnotes":""},"class_list":["post-514","page","type-page","status-publish","hentry"],"aioseo_notices":[],"_links":{"self":[{"href":"https:\/\/www.fotokopia.hu\/index.php?rest_route=\/wp\/v2\/pages\/514","targetHints":{"allow":["GET"]}}],"collection":[{"href":"https:\/\/www.fotokopia.hu\/index.php?rest_route=\/wp\/v2\/pages"}],"about":[{"href":"https:\/\/www.fotokopia.hu\/index.php?rest_route=\/wp\/v2\/types\/page"}],"author":[{"embeddable":true,"href":"https:\/\/www.fotokopia.hu\/index.php?rest_route=\/wp\/v2\/users\/1"}],"replies":[{"embeddable":true,"href":"https:\/\/www.fotokopia.hu\/index.php?rest_route=%2Fwp%2Fv2%2Fcomments&post=514"}],"version-history":[{"count":42,"href":"https:\/\/www.fotokopia.hu\/index.php?rest_route=\/wp\/v2\/pages\/514\/revisions"}],"predecessor-version":[{"id":3776,"href":"https:\/\/www.fotokopia.hu\/index.php?rest_route=\/wp\/v2\/pages\/514\/revisions\/3776"}],"wp:attachment":[{"href":"https:\/\/www.fotokopia.hu\/index.php?rest_route=%2Fwp%2Fv2%2Fmedia&parent=514"}],"curies":[{"name":"wp","href":"https:\/\/api.w.org\/{rel}","templated":true}]}}