{"id":2886,"date":"2024-11-20T20:56:03","date_gmt":"2024-11-20T20:56:03","guid":{"rendered":"https:\/\/www.fotokopia.hu\/?page_id=2886"},"modified":"2025-01-10T13:14:25","modified_gmt":"2025-01-10T13:14:25","slug":"impresszum","status":"publish","type":"page","link":"https:\/\/www.fotokopia.hu\/?page_id=2886","title":{"rendered":"Impresszum"},"content":{"rendered":"\t\t<div data-elementor-type=\"wp-page\" data-elementor-id=\"2886\" class=\"elementor elementor-2886\">\n\t\t\t\t<div class=\"elementor-element elementor-element-ce091fa e-flex e-con-boxed wpr-particle-no wpr-jarallax-no wpr-parallax-no wpr-sticky-section-no e-con e-parent\" data-id=\"ce091fa\" data-element_type=\"container\" data-settings=\"{&quot;background_background&quot;:&quot;classic&quot;}\">\n\t\t\t\t\t<div class=\"e-con-inner\">\n\t\t\t\t<div class=\"elementor-element elementor-element-5fcd04d elementor-widget elementor-widget-heading\" data-id=\"5fcd04d\" data-element_type=\"widget\" data-widget_type=\"heading.default\">\n\t\t\t\t<div class=\"elementor-widget-container\">\n\t\t\t\t\t<h2 class=\"elementor-heading-title elementor-size-default\">Impresszum<\/h2>\t\t\t\t<\/div>\n\t\t\t\t<\/div>\n\t\t\t\t<div class=\"elementor-element elementor-element-2905ad0 elementor-widget elementor-widget-text-editor\" data-id=\"2905ad0\" data-element_type=\"widget\" data-widget_type=\"text-editor.default\">\n\t\t\t\t<div class=\"elementor-widget-container\">\n\t\t\t\t\t\t\t\t\t<p class=\"has-text-align-left\"><strong>A szolg\u00e1ltat\u00f3 neve:<\/strong>\u00a0Tolvaj Annam\u00e1ria<\/p><p class=\"has-text-align-left\"><strong>A szolg\u00e1ltat\u00f3 sz\u00e9khelye:\u00a0<\/strong>1147 Budapest Huszt utca 38. 1\/1.<\/p><p class=\"has-text-align-left\"><strong>A szolg\u00e1ltat\u00f3 el\u00e9rhet\u0151s\u00e9ge:<\/strong> +36 70 381 2456<\/p><p class=\"has-text-align-left\"><strong>A szolg\u00e1ltat\u00f3t nyilv\u00e1ntart\u00e1sba vev\u0151 hat\u00f3s\u00e1g:\u00a0<\/strong>Bel\u00fcgyminiszt\u00e9rium<\/p><p class=\"has-text-align-left\"><strong>Nyilv\u00e1ntart\u00e1sba v\u00e9teli sz\u00e1m:\u00a0<\/strong>58846612<\/p><p class=\"has-text-align-left\"><strong>Ad\u00f3sz\u00e1m:\u00a0<\/strong>48957168-1-42<\/p>\t\t\t\t\t\t\t\t<\/div>\n\t\t\t\t<\/div>\n\t\t\t\t<div class=\"elementor-element elementor-element-fb84c68 elementor-widget elementor-widget-text-editor\" data-id=\"fb84c68\" data-element_type=\"widget\" data-widget_type=\"text-editor.default\">\n\t\t\t\t<div class=\"elementor-widget-container\">\n\t\t\t\t\t\t\t\t\t<p class=\"has-text-align-left\"><strong>A t\u00e1rhelyszolg\u00e1ltat\u00f3 adatai:\u00a0<\/strong><\/p><p class=\"has-text-align-left\">RendszerNET Kft.<\/p><p class=\"has-text-align-left\">1132 Budapest, Victor Hugo utca 11. 2 \/ 17<\/p><p class=\"has-text-align-left\">Ad\u00f3sz\u00e1m: 22638232-2-17<\/p><p class=\"has-text-align-left\">C\u00e9gjegyz\u00e9ksz\u00e1m: 17-09-007852<\/p>\t\t\t\t\t\t\t\t<\/div>\n\t\t\t\t<\/div>\n\t\t\t\t\t<\/div>\n\t\t\t\t<\/div>\n\t\t\t\t<\/div>\n\t\t","protected":false},"excerpt":{"rendered":"<p>Impresszum A szolg\u00e1ltat\u00f3 neve:\u00a0Tolvaj Annam\u00e1ria A szolg\u00e1ltat\u00f3 sz\u00e9khelye:\u00a01147 Budapest Huszt utca 38. 1\/1. A szolg\u00e1ltat\u00f3 el\u00e9rhet\u0151s\u00e9ge: +36 70 381 2456 A szolg\u00e1ltat\u00f3t nyilv\u00e1ntart\u00e1sba vev\u0151 hat\u00f3s\u00e1g:\u00a0Bel\u00fcgyminiszt\u00e9rium Nyilv\u00e1ntart\u00e1sba v\u00e9teli sz\u00e1m:\u00a058846612 Ad\u00f3sz\u00e1m:\u00a048957168-1-42 A t\u00e1rhelyszolg\u00e1ltat\u00f3 adatai:\u00a0 RendszerNET Kft. 1132 Budapest, Victor Hugo utca 11. 2 \/ 17 Ad\u00f3sz\u00e1m: 22638232-2-17 C\u00e9gjegyz\u00e9ksz\u00e1m: 17-09-007852<\/p>\n","protected":false},"author":2,"featured_media":0,"parent":0,"menu_order":0,"comment_status":"closed","ping_status":"closed","template":"elementor_canvas","meta":{"footnotes":""},"class_list":["post-2886","page","type-page","status-publish","hentry"],"aioseo_notices":[],"_links":{"self":[{"href":"https:\/\/www.fotokopia.hu\/index.php?rest_route=\/wp\/v2\/pages\/2886","targetHints":{"allow":["GET"]}}],"collection":[{"href":"https:\/\/www.fotokopia.hu\/index.php?rest_route=\/wp\/v2\/pages"}],"about":[{"href":"https:\/\/www.fotokopia.hu\/index.php?rest_route=\/wp\/v2\/types\/page"}],"author":[{"embeddable":true,"href":"https:\/\/www.fotokopia.hu\/index.php?rest_route=\/wp\/v2\/users\/2"}],"replies":[{"embeddable":true,"href":"https:\/\/www.fotokopia.hu\/index.php?rest_route=%2Fwp%2Fv2%2Fcomments&post=2886"}],"version-history":[{"count":16,"href":"https:\/\/www.fotokopia.hu\/index.php?rest_route=\/wp\/v2\/pages\/2886\/revisions"}],"predecessor-version":[{"id":3767,"href":"https:\/\/www.fotokopia.hu\/index.php?rest_route=\/wp\/v2\/pages\/2886\/revisions\/3767"}],"wp:attachment":[{"href":"https:\/\/www.fotokopia.hu\/index.php?rest_route=%2Fwp%2Fv2%2Fmedia&parent=2886"}],"curies":[{"name":"wp","href":"https:\/\/api.w.org\/{rel}","templated":true}]}}