{"id":1558,"date":"2017-09-25T08:10:44","date_gmt":"2017-09-25T08:10:44","guid":{"rendered":"http:\/\/www.fotokopia.hu\/wp\/?page_id=1558"},"modified":"2025-01-10T13:15:16","modified_gmt":"2025-01-10T13:15:16","slug":"ingatlan-szallas-fotok","status":"publish","type":"page","link":"https:\/\/www.fotokopia.hu\/?page_id=1558","title":{"rendered":"Ingatlan, sz\u00e1ll\u00e1s fot\u00f3k"},"content":{"rendered":"\t\t<div data-elementor-type=\"wp-page\" data-elementor-id=\"1558\" class=\"elementor elementor-1558\">\n\t\t\t\t<div class=\"elementor-element elementor-element-6935032 e-flex e-con-boxed wpr-particle-no wpr-jarallax-no wpr-parallax-no wpr-sticky-section-no e-con e-parent\" data-id=\"6935032\" data-element_type=\"container\" data-settings=\"{&quot;background_background&quot;:&quot;classic&quot;}\">\n\t\t\t\t\t<div class=\"e-con-inner\">\n\t\t\t\t<div class=\"elementor-element elementor-element-9292b6e elementor-widget elementor-widget-heading\" data-id=\"9292b6e\" data-element_type=\"widget\" data-widget_type=\"heading.default\">\n\t\t\t\t<div class=\"elementor-widget-container\">\n\t\t\t\t\t<h2 class=\"elementor-heading-title elementor-size-default\">Ingatlan, sz\u00e1ll\u00e1s fot\u00f3k<\/h2>\t\t\t\t<\/div>\n\t\t\t\t<\/div>\n\t\t\t\t<div class=\"elementor-element elementor-element-083e61e elementor-widget elementor-widget-ucaddon_uc_compact_image_theme\" data-id=\"083e61e\" data-element_type=\"widget\" data-widget_type=\"ucaddon_uc_compact_image_theme.default\">\n\t\t\t\t<div class=\"elementor-widget-container\">\n\t\t\t\t\t\n<!-- start Compact Gallery -->\n\t\t<link id='unitegallery-css' href='https:\/\/www.fotokopia.hu\/wp\/wp-content\/plugins\/unlimited-elements-for-elementor\/assets_libraries\/unitegallery\/css\/unite-gallery.css' type='text\/css' rel='stylesheet' >\n\n\n<div id=\"uc_uc_compact_image_theme_elementor_083e61e\" class=\"uc-items-wrapper  \" style=\"display:none; margin:0 auto;\"  data-remote-type=\"gallery\" data-custom-sethtml=\"true\" >\n\n\n<img decoding=\"async\" alt=\"DSC_1690\"\n   src=\"https:\/\/www.fotokopia.hu\/wp\/wp-content\/uploads\/2020\/02\/DSC_1690-768x511.jpg\"\n    data-image=\"https:\/\/www.fotokopia.hu\/wp\/wp-content\/uploads\/2020\/02\/DSC_1690-scaled.jpg\"\n    data-title=\"DSC_1690\">\n\n<img decoding=\"async\" alt=\"DSC_2228\"\n   src=\"https:\/\/www.fotokopia.hu\/wp\/wp-content\/uploads\/2020\/02\/DSC_2228-768x511.jpg\"\n    data-image=\"https:\/\/www.fotokopia.hu\/wp\/wp-content\/uploads\/2020\/02\/DSC_2228-scaled.jpg\"\n    data-title=\"DSC_2228\">\n\n<img decoding=\"async\" alt=\"DSC_2220\"\n   src=\"https:\/\/www.fotokopia.hu\/wp\/wp-content\/uploads\/2020\/02\/DSC_2220-768x511.jpg\"\n    data-image=\"https:\/\/www.fotokopia.hu\/wp\/wp-content\/uploads\/2020\/02\/DSC_2220-scaled.jpg\"\n    data-title=\"DSC_2220\">\n\n<img decoding=\"async\" alt=\"DSC_1682\"\n   src=\"https:\/\/www.fotokopia.hu\/wp\/wp-content\/uploads\/2020\/02\/DSC_1682-768x511.jpg\"\n    data-image=\"https:\/\/www.fotokopia.hu\/wp\/wp-content\/uploads\/2020\/02\/DSC_1682-scaled.jpg\"\n    data-title=\"DSC_1682\">\n\n<img decoding=\"async\" alt=\"DSC_1670\"\n   src=\"https:\/\/www.fotokopia.hu\/wp\/wp-content\/uploads\/2020\/02\/DSC_1670-768x511.jpg\"\n    data-image=\"https:\/\/www.fotokopia.hu\/wp\/wp-content\/uploads\/2020\/02\/DSC_1670-scaled.jpg\"\n    data-title=\"DSC_1670\">\n\n<img decoding=\"async\" alt=\"DSC_1669\"\n   src=\"https:\/\/www.fotokopia.hu\/wp\/wp-content\/uploads\/2020\/02\/DSC_1669-768x511.jpg\"\n    data-image=\"https:\/\/www.fotokopia.hu\/wp\/wp-content\/uploads\/2020\/02\/DSC_1669-scaled.jpg\"\n    data-title=\"DSC_1669\">\n\n<img decoding=\"async\" alt=\"DSC_1651\"\n   src=\"https:\/\/www.fotokopia.hu\/wp\/wp-content\/uploads\/2020\/02\/DSC_1651-768x511.jpg\"\n    data-image=\"https:\/\/www.fotokopia.hu\/wp\/wp-content\/uploads\/2020\/02\/DSC_1651-scaled.jpg\"\n    data-title=\"DSC_1651\">\n\n<img decoding=\"async\" alt=\"DSC_1643\"\n   src=\"https:\/\/www.fotokopia.hu\/wp\/wp-content\/uploads\/2020\/02\/DSC_1643-768x511.jpg\"\n    data-image=\"https:\/\/www.fotokopia.hu\/wp\/wp-content\/uploads\/2020\/02\/DSC_1643-scaled.jpg\"\n    data-title=\"DSC_1643\">\n\n<img decoding=\"async\" alt=\"DSC_1637\"\n   src=\"https:\/\/www.fotokopia.hu\/wp\/wp-content\/uploads\/2020\/02\/DSC_1637-768x511.jpg\"\n    data-image=\"https:\/\/www.fotokopia.hu\/wp\/wp-content\/uploads\/2020\/02\/DSC_1637-scaled.jpg\"\n    data-title=\"DSC_1637\">\n\n<img decoding=\"async\" alt=\"5\"\n   src=\"https:\/\/www.fotokopia.hu\/wp\/wp-content\/uploads\/2019\/04\/5-768x511.jpg\"\n    data-image=\"https:\/\/www.fotokopia.hu\/wp\/wp-content\/uploads\/2019\/04\/5.jpg\"\n    data-title=\"5\">\n\n<img decoding=\"async\" alt=\"DSC_gr_k\"\n   src=\"https:\/\/www.fotokopia.hu\/wp\/wp-content\/uploads\/2019\/04\/DSC_gr_k-768x511.jpg\"\n    data-image=\"https:\/\/www.fotokopia.hu\/wp\/wp-content\/uploads\/2019\/04\/DSC_gr_k.jpg\"\n    data-title=\"DSC_gr_k\">\n\n<img decoding=\"async\" alt=\"DSC_6426\"\n   src=\"https:\/\/www.fotokopia.hu\/wp\/wp-content\/uploads\/2017\/09\/DSC_6426-768x511.jpg\"\n    data-image=\"https:\/\/www.fotokopia.hu\/wp\/wp-content\/uploads\/2017\/09\/DSC_6426.jpg\"\n    data-title=\"DSC_6426\">\n\n<img decoding=\"async\" alt=\"DSC_6419\"\n   src=\"https:\/\/www.fotokopia.hu\/wp\/wp-content\/uploads\/2017\/09\/DSC_6419-768x511.jpg\"\n    data-image=\"https:\/\/www.fotokopia.hu\/wp\/wp-content\/uploads\/2017\/09\/DSC_6419.jpg\"\n    data-title=\"DSC_6419\">\n\n<img decoding=\"async\" alt=\"DSC_6417\"\n   src=\"https:\/\/www.fotokopia.hu\/wp\/wp-content\/uploads\/2017\/09\/DSC_6417-768x511.jpg\"\n    data-image=\"https:\/\/www.fotokopia.hu\/wp\/wp-content\/uploads\/2017\/09\/DSC_6417.jpg\"\n    data-title=\"DSC_6417\">\n\n<img decoding=\"async\" alt=\"DSC_6434-2\"\n   src=\"https:\/\/www.fotokopia.hu\/wp\/wp-content\/uploads\/2017\/09\/DSC_6434-2-768x511.jpg\"\n    data-image=\"https:\/\/www.fotokopia.hu\/wp\/wp-content\/uploads\/2017\/09\/DSC_6434-2.jpg\"\n    data-title=\"DSC_6434-2\">\n\n<img decoding=\"async\" alt=\"DSC_6443\"\n   src=\"https:\/\/www.fotokopia.hu\/wp\/wp-content\/uploads\/2017\/09\/DSC_6443-768x511.jpg\"\n    data-image=\"https:\/\/www.fotokopia.hu\/wp\/wp-content\/uploads\/2017\/09\/DSC_6443.jpg\"\n    data-title=\"DSC_6443\">\n\n<img decoding=\"async\" alt=\"DSC_6438-2\"\n   src=\"https:\/\/www.fotokopia.hu\/wp\/wp-content\/uploads\/2017\/09\/DSC_6438-2-768x511.jpg\"\n    data-image=\"https:\/\/www.fotokopia.hu\/wp\/wp-content\/uploads\/2017\/09\/DSC_6438-2.jpg\"\n    data-title=\"DSC_6438-2\">\n\n<img decoding=\"async\" alt=\"DSC_6454\"\n   src=\"https:\/\/www.fotokopia.hu\/wp\/wp-content\/uploads\/2017\/09\/DSC_6454-768x1154.jpg\"\n    data-image=\"https:\/\/www.fotokopia.hu\/wp\/wp-content\/uploads\/2017\/09\/DSC_6454.jpg\"\n    data-title=\"DSC_6454\">\n\n<img decoding=\"async\" alt=\"DSC_6880\"\n   src=\"https:\/\/www.fotokopia.hu\/wp\/wp-content\/uploads\/2017\/09\/DSC_6880-768x511.jpg\"\n    data-image=\"https:\/\/www.fotokopia.hu\/wp\/wp-content\/uploads\/2017\/09\/DSC_6880.jpg\"\n    data-title=\"DSC_6880\">\n\n<img decoding=\"async\" alt=\"DSC_6451\"\n   src=\"https:\/\/www.fotokopia.hu\/wp\/wp-content\/uploads\/2017\/09\/DSC_6451-768x511.jpg\"\n    data-image=\"https:\/\/www.fotokopia.hu\/wp\/wp-content\/uploads\/2017\/09\/DSC_6451.jpg\"\n    data-title=\"DSC_6451\">\n\n<img decoding=\"async\" alt=\"DSC_6461-2\"\n   src=\"https:\/\/www.fotokopia.hu\/wp\/wp-content\/uploads\/2017\/09\/DSC_6461-2-768x511.jpg\"\n    data-image=\"https:\/\/www.fotokopia.hu\/wp\/wp-content\/uploads\/2017\/09\/DSC_6461-2.jpg\"\n    data-title=\"DSC_6461-2\">\n\n<img decoding=\"async\" alt=\"DSC_6463-2\"\n   src=\"https:\/\/www.fotokopia.hu\/wp\/wp-content\/uploads\/2017\/09\/DSC_6463-2-768x511.jpg\"\n    data-image=\"https:\/\/www.fotokopia.hu\/wp\/wp-content\/uploads\/2017\/09\/DSC_6463-2.jpg\"\n    data-title=\"DSC_6463-2\">\n\n<img decoding=\"async\" alt=\"DSC_6469-2\"\n   src=\"https:\/\/www.fotokopia.hu\/wp\/wp-content\/uploads\/2017\/09\/DSC_6469-2-768x511.jpg\"\n    data-image=\"https:\/\/www.fotokopia.hu\/wp\/wp-content\/uploads\/2017\/09\/DSC_6469-2.jpg\"\n    data-title=\"DSC_6469-2\">\n\n<img decoding=\"async\" alt=\"DSC_6470-2\"\n   src=\"https:\/\/www.fotokopia.hu\/wp\/wp-content\/uploads\/2017\/09\/DSC_6470-2-768x511.jpg\"\n    data-image=\"https:\/\/www.fotokopia.hu\/wp\/wp-content\/uploads\/2017\/09\/DSC_6470-2.jpg\"\n    data-title=\"DSC_6470-2\">\n\n<img decoding=\"async\" alt=\"DSC_6407\"\n   src=\"https:\/\/www.fotokopia.hu\/wp\/wp-content\/uploads\/2017\/09\/DSC_6407-768x511.jpg\"\n    data-image=\"https:\/\/www.fotokopia.hu\/wp\/wp-content\/uploads\/2017\/09\/DSC_6407.jpg\"\n    data-title=\"DSC_6407\">\n\n<img decoding=\"async\" alt=\"DSC_6404-2\"\n   src=\"https:\/\/www.fotokopia.hu\/wp\/wp-content\/uploads\/2017\/09\/DSC_6404-2-768x511.jpg\"\n    data-image=\"https:\/\/www.fotokopia.hu\/wp\/wp-content\/uploads\/2017\/09\/DSC_6404-2.jpg\"\n    data-title=\"DSC_6404-2\">\n\n<img decoding=\"async\" alt=\"DSC_6398\"\n   src=\"https:\/\/www.fotokopia.hu\/wp\/wp-content\/uploads\/2017\/09\/DSC_6398-768x511.jpg\"\n    data-image=\"https:\/\/www.fotokopia.hu\/wp\/wp-content\/uploads\/2017\/09\/DSC_6398.jpg\"\n    data-title=\"DSC_6398\">\n\n<img decoding=\"async\" alt=\"DSC_6397-2\"\n   src=\"https:\/\/www.fotokopia.hu\/wp\/wp-content\/uploads\/2017\/09\/DSC_6397-2-768x511.jpg\"\n    data-image=\"https:\/\/www.fotokopia.hu\/wp\/wp-content\/uploads\/2017\/09\/DSC_6397-2.jpg\"\n    data-title=\"DSC_6397-2\">\n\n<img decoding=\"async\" alt=\"DSC_6391\"\n   src=\"https:\/\/www.fotokopia.hu\/wp\/wp-content\/uploads\/2017\/09\/DSC_6391-768x511.jpg\"\n    data-image=\"https:\/\/www.fotokopia.hu\/wp\/wp-content\/uploads\/2017\/09\/DSC_6391.jpg\"\n    data-title=\"DSC_6391\">\n\n<img decoding=\"async\" alt=\"DSC_6383\"\n   src=\"https:\/\/www.fotokopia.hu\/wp\/wp-content\/uploads\/2017\/09\/DSC_6383-768x1154.jpg\"\n    data-image=\"https:\/\/www.fotokopia.hu\/wp\/wp-content\/uploads\/2017\/09\/DSC_6383.jpg\"\n    data-title=\"DSC_6383\">\n\n<img decoding=\"async\" alt=\"DSC_6379\"\n   src=\"https:\/\/www.fotokopia.hu\/wp\/wp-content\/uploads\/2017\/09\/DSC_6379-768x511.jpg\"\n    data-image=\"https:\/\/www.fotokopia.hu\/wp\/wp-content\/uploads\/2017\/09\/DSC_6379.jpg\"\n    data-title=\"DSC_6379\">\n\n<img decoding=\"async\" alt=\"DSC_6377-2\"\n   src=\"https:\/\/www.fotokopia.hu\/wp\/wp-content\/uploads\/2017\/09\/DSC_6377-2-768x511.jpg\"\n    data-image=\"https:\/\/www.fotokopia.hu\/wp\/wp-content\/uploads\/2017\/09\/DSC_6377-2.jpg\"\n    data-title=\"DSC_6377-2\">\n\n<img decoding=\"async\" alt=\"DSC_6375-2\"\n   src=\"https:\/\/www.fotokopia.hu\/wp\/wp-content\/uploads\/2017\/09\/DSC_6375-2-768x1154.jpg\"\n    data-image=\"https:\/\/www.fotokopia.hu\/wp\/wp-content\/uploads\/2017\/09\/DSC_6375-2.jpg\"\n    data-title=\"DSC_6375-2\">\n\n<img decoding=\"async\" alt=\"DSC_6370\"\n   src=\"https:\/\/www.fotokopia.hu\/wp\/wp-content\/uploads\/2017\/09\/DSC_6370-768x511.jpg\"\n    data-image=\"https:\/\/www.fotokopia.hu\/wp\/wp-content\/uploads\/2017\/09\/DSC_6370.jpg\"\n    data-title=\"DSC_6370\">\n\n  \n<\/div>\n<!-- end Compact Gallery -->\t\t\t\t<\/div>\n\t\t\t\t<\/div>\n\t\t\t\t\t<\/div>\n\t\t\t\t<\/div>\n\t\t\t\t<\/div>\n\t\t","protected":false},"excerpt":{"rendered":"<p>Ingatlan, sz\u00e1ll\u00e1s fot\u00f3k<\/p>\n","protected":false},"author":1,"featured_media":0,"parent":0,"menu_order":0,"comment_status":"closed","ping_status":"closed","template":"elementor_canvas","meta":{"footnotes":""},"class_list":["post-1558","page","type-page","status-publish","hentry"],"aioseo_notices":[],"_links":{"self":[{"href":"https:\/\/www.fotokopia.hu\/index.php?rest_route=\/wp\/v2\/pages\/1558","targetHints":{"allow":["GET"]}}],"collection":[{"href":"https:\/\/www.fotokopia.hu\/index.php?rest_route=\/wp\/v2\/pages"}],"about":[{"href":"https:\/\/www.fotokopia.hu\/index.php?rest_route=\/wp\/v2\/types\/page"}],"author":[{"embeddable":true,"href":"https:\/\/www.fotokopia.hu\/index.php?rest_route=\/wp\/v2\/users\/1"}],"replies":[{"embeddable":true,"href":"https:\/\/www.fotokopia.hu\/index.php?rest_route=%2Fwp%2Fv2%2Fcomments&post=1558"}],"version-history":[{"count":25,"href":"https:\/\/www.fotokopia.hu\/index.php?rest_route=\/wp\/v2\/pages\/1558\/revisions"}],"predecessor-version":[{"id":3770,"href":"https:\/\/www.fotokopia.hu\/index.php?rest_route=\/wp\/v2\/pages\/1558\/revisions\/3770"}],"wp:attachment":[{"href":"https:\/\/www.fotokopia.hu\/index.php?rest_route=%2Fwp%2Fv2%2Fmedia&parent=1558"}],"curies":[{"name":"wp","href":"https:\/\/api.w.org\/{rel}","templated":true}]}}