{"id":151,"date":"2015-04-10T09:41:00","date_gmt":"2015-04-10T09:41:00","guid":{"rendered":"http:\/\/www.fotokopia.hu\/wp\/?page_id=151"},"modified":"2025-01-10T13:20:28","modified_gmt":"2025-01-10T13:20:28","slug":"portrefotok","status":"publish","type":"page","link":"https:\/\/www.fotokopia.hu\/?page_id=151","title":{"rendered":"Portr\u00e9fot\u00f3k"},"content":{"rendered":"\t\t<div data-elementor-type=\"wp-page\" data-elementor-id=\"151\" class=\"elementor elementor-151\">\n\t\t\t\t<div class=\"elementor-element elementor-element-86d1e49 e-flex e-con-boxed wpr-particle-no wpr-jarallax-no wpr-parallax-no wpr-sticky-section-no e-con e-parent\" data-id=\"86d1e49\" data-element_type=\"container\" data-settings=\"{&quot;background_background&quot;:&quot;classic&quot;}\">\n\t\t\t\t\t<div class=\"e-con-inner\">\n\t\t\t\t<div class=\"elementor-element elementor-element-04ae000 elementor-widget elementor-widget-heading\" data-id=\"04ae000\" data-element_type=\"widget\" data-widget_type=\"heading.default\">\n\t\t\t\t<div class=\"elementor-widget-container\">\n\t\t\t\t\t<h2 class=\"elementor-heading-title elementor-size-default\">Portr\u00e9fot\u00f3k<\/h2>\t\t\t\t<\/div>\n\t\t\t\t<\/div>\n\t\t\t\t<div class=\"elementor-element elementor-element-9134343 elementor-widget elementor-widget-ucaddon_uc_compact_image_theme\" data-id=\"9134343\" data-element_type=\"widget\" data-widget_type=\"ucaddon_uc_compact_image_theme.default\">\n\t\t\t\t<div class=\"elementor-widget-container\">\n\t\t\t\t\t\n<!-- start Compact Gallery -->\n\t\t<link id='unitegallery-css' href='https:\/\/www.fotokopia.hu\/wp\/wp-content\/plugins\/unlimited-elements-for-elementor\/assets_libraries\/unitegallery\/css\/unite-gallery.css' type='text\/css' rel='stylesheet' >\n\n\n<div id=\"uc_uc_compact_image_theme_elementor_9134343\" class=\"uc-items-wrapper  \" style=\"display:none; margin:0 auto;\"  data-remote-type=\"gallery\" data-custom-sethtml=\"true\" >\n\n\n<img decoding=\"async\" alt=\"DSC_3822\"\n   src=\"https:\/\/www.fotokopia.hu\/wp\/wp-content\/uploads\/2022\/07\/DSC_3822-768x1153.jpg\"\n    data-image=\"https:\/\/www.fotokopia.hu\/wp\/wp-content\/uploads\/2022\/07\/DSC_3822-scaled.jpg\"\n    data-title=\"DSC_3822\">\n\n<img decoding=\"async\" alt=\"DSC_3838\"\n   src=\"https:\/\/www.fotokopia.hu\/wp\/wp-content\/uploads\/2022\/07\/DSC_3838-768x512.jpg\"\n    data-image=\"https:\/\/www.fotokopia.hu\/wp\/wp-content\/uploads\/2022\/07\/DSC_3838-scaled.jpg\"\n    data-title=\"DSC_3838\">\n\n<img decoding=\"async\" alt=\"DSC_3892\"\n   src=\"https:\/\/www.fotokopia.hu\/wp\/wp-content\/uploads\/2022\/07\/DSC_3892-768x1153.jpg\"\n    data-image=\"https:\/\/www.fotokopia.hu\/wp\/wp-content\/uploads\/2022\/07\/DSC_3892-scaled.jpg\"\n    data-title=\"DSC_3892\">\n\n<img decoding=\"async\" alt=\"DSC_3908\"\n   src=\"https:\/\/www.fotokopia.hu\/wp\/wp-content\/uploads\/2022\/07\/DSC_3908-768x512.jpg\"\n    data-image=\"https:\/\/www.fotokopia.hu\/wp\/wp-content\/uploads\/2022\/07\/DSC_3908-scaled.jpg\"\n    data-title=\"DSC_3908\">\n\n<img decoding=\"async\" alt=\"DSC_3798\"\n   src=\"https:\/\/www.fotokopia.hu\/wp\/wp-content\/uploads\/2022\/07\/DSC_3798-768x512.jpg\"\n    data-image=\"https:\/\/www.fotokopia.hu\/wp\/wp-content\/uploads\/2022\/07\/DSC_3798-scaled.jpg\"\n    data-title=\"DSC_3798\">\n\n<img decoding=\"async\" alt=\"DSC_0449\"\n   src=\"https:\/\/www.fotokopia.hu\/wp\/wp-content\/uploads\/2022\/07\/DSC_0449-768x513.jpg\"\n    data-image=\"https:\/\/www.fotokopia.hu\/wp\/wp-content\/uploads\/2022\/07\/DSC_0449-scaled.jpg\"\n    data-title=\"DSC_0449\">\n\n<img decoding=\"async\" alt=\"DSC_0491\"\n   src=\"https:\/\/www.fotokopia.hu\/wp\/wp-content\/uploads\/2022\/07\/DSC_0491-768x513.jpg\"\n    data-image=\"https:\/\/www.fotokopia.hu\/wp\/wp-content\/uploads\/2022\/07\/DSC_0491-scaled.jpg\"\n    data-title=\"DSC_0491\">\n\n<img decoding=\"async\" alt=\"Portr\u00e9fot\u00f3z\u00e1s\"\n   src=\"https:\/\/www.fotokopia.hu\/wp\/wp-content\/uploads\/2019\/04\/1-768x511.jpg\"\n    data-image=\"https:\/\/www.fotokopia.hu\/wp\/wp-content\/uploads\/2019\/04\/1.jpg\"\n    data-title=\"Portr\u00e9fot\u00f3z\u00e1s\">\n\n<img decoding=\"async\" alt=\"virag14\"\n   src=\"https:\/\/www.fotokopia.hu\/wp\/wp-content\/uploads\/2019\/01\/virag14-768x511.jpg\"\n    data-image=\"https:\/\/www.fotokopia.hu\/wp\/wp-content\/uploads\/2019\/01\/virag14.jpg\"\n    data-title=\"virag14\">\n\n<img decoding=\"async\" alt=\"virag18\"\n   src=\"https:\/\/www.fotokopia.hu\/wp\/wp-content\/uploads\/2019\/01\/virag18-768x511.jpg\"\n    data-image=\"https:\/\/www.fotokopia.hu\/wp\/wp-content\/uploads\/2019\/01\/virag18.jpg\"\n    data-title=\"virag18\">\n\n<img decoding=\"async\" alt=\"virag7\"\n   src=\"https:\/\/www.fotokopia.hu\/wp\/wp-content\/uploads\/2019\/01\/virag7-768x511.jpg\"\n    data-image=\"https:\/\/www.fotokopia.hu\/wp\/wp-content\/uploads\/2019\/01\/virag7.jpg\"\n    data-title=\"virag7\">\n\n<img decoding=\"async\" alt=\"virag9\"\n   src=\"https:\/\/www.fotokopia.hu\/wp\/wp-content\/uploads\/2019\/01\/virag9-768x511.jpg\"\n    data-image=\"https:\/\/www.fotokopia.hu\/wp\/wp-content\/uploads\/2019\/01\/virag9.jpg\"\n    data-title=\"virag9\">\n\n<img decoding=\"async\" alt=\"virag4\"\n   src=\"https:\/\/www.fotokopia.hu\/wp\/wp-content\/uploads\/2019\/01\/virag4-768x511.jpg\"\n    data-image=\"https:\/\/www.fotokopia.hu\/wp\/wp-content\/uploads\/2019\/01\/virag4.jpg\"\n    data-title=\"virag4\">\n\n<img decoding=\"async\" alt=\"DSC_5560\"\n   src=\"https:\/\/www.fotokopia.hu\/wp\/wp-content\/uploads\/2019\/01\/DSC_5560-768x511.jpg\"\n    data-image=\"https:\/\/www.fotokopia.hu\/wp\/wp-content\/uploads\/2019\/01\/DSC_5560.jpg\"\n    data-title=\"DSC_5560\">\n\n<img decoding=\"async\" alt=\"DSC_5549\"\n   src=\"https:\/\/www.fotokopia.hu\/wp\/wp-content\/uploads\/2019\/01\/DSC_5549-768x511.jpg\"\n    data-image=\"https:\/\/www.fotokopia.hu\/wp\/wp-content\/uploads\/2019\/01\/DSC_5549.jpg\"\n    data-title=\"DSC_5549\">\n\n<img decoding=\"async\" alt=\"DSC_5489\"\n   src=\"https:\/\/www.fotokopia.hu\/wp\/wp-content\/uploads\/2019\/01\/DSC_5489-768x511.jpg\"\n    data-image=\"https:\/\/www.fotokopia.hu\/wp\/wp-content\/uploads\/2019\/01\/DSC_5489.jpg\"\n    data-title=\"DSC_5489\">\n\n<img decoding=\"async\" alt=\"DSC_5447\"\n   src=\"https:\/\/www.fotokopia.hu\/wp\/wp-content\/uploads\/2019\/01\/DSC_5447-768x511.jpg\"\n    data-image=\"https:\/\/www.fotokopia.hu\/wp\/wp-content\/uploads\/2019\/01\/DSC_5447.jpg\"\n    data-title=\"DSC_5447\">\n\n<img decoding=\"async\" alt=\"gabi3\"\n   src=\"https:\/\/www.fotokopia.hu\/wp\/wp-content\/uploads\/2018\/07\/gabi3-768x511.jpg\"\n    data-image=\"https:\/\/www.fotokopia.hu\/wp\/wp-content\/uploads\/2018\/07\/gabi3.jpg\"\n    data-title=\"gabi3\">\n\n<img decoding=\"async\" alt=\"DSC_7332\"\n   src=\"https:\/\/www.fotokopia.hu\/wp\/wp-content\/uploads\/2018\/07\/DSC_7332-768x1154.jpg\"\n    data-image=\"https:\/\/www.fotokopia.hu\/wp\/wp-content\/uploads\/2018\/07\/DSC_7332.jpg\"\n    data-title=\"DSC_7332\">\n\n<img decoding=\"async\" alt=\"DSC_7264\"\n   src=\"https:\/\/www.fotokopia.hu\/wp\/wp-content\/uploads\/2018\/07\/DSC_7264-768x1154.jpg\"\n    data-image=\"https:\/\/www.fotokopia.hu\/wp\/wp-content\/uploads\/2018\/07\/DSC_7264.jpg\"\n    data-title=\"DSC_7264\">\n\n<img decoding=\"async\" alt=\"gabi1\"\n   src=\"https:\/\/www.fotokopia.hu\/wp\/wp-content\/uploads\/2018\/07\/gabi1-768x511.jpg\"\n    data-image=\"https:\/\/www.fotokopia.hu\/wp\/wp-content\/uploads\/2018\/07\/gabi1.jpg\"\n    data-title=\"gabi1\">\n\n<img decoding=\"async\" alt=\"DSC_7251\"\n   src=\"https:\/\/www.fotokopia.hu\/wp\/wp-content\/uploads\/2018\/07\/DSC_7251-768x1154.jpg\"\n    data-image=\"https:\/\/www.fotokopia.hu\/wp\/wp-content\/uploads\/2018\/07\/DSC_7251.jpg\"\n    data-title=\"DSC_7251\">\n\n<img decoding=\"async\" alt=\"gabi5\"\n   src=\"https:\/\/www.fotokopia.hu\/wp\/wp-content\/uploads\/2018\/07\/gabi5-768x511.jpg\"\n    data-image=\"https:\/\/www.fotokopia.hu\/wp\/wp-content\/uploads\/2018\/07\/gabi5.jpg\"\n    data-title=\"gabi5\">\n\n<img decoding=\"async\" alt=\"DSC_7197\"\n   src=\"https:\/\/www.fotokopia.hu\/wp\/wp-content\/uploads\/2018\/07\/DSC_7197-768x1154.jpg\"\n    data-image=\"https:\/\/www.fotokopia.hu\/wp\/wp-content\/uploads\/2018\/07\/DSC_7197.jpg\"\n    data-title=\"DSC_7197\">\n\n<img decoding=\"async\" alt=\"DSC_6150\"\n   src=\"https:\/\/www.fotokopia.hu\/wp\/wp-content\/uploads\/2015\/04\/DSC_6150-768x511.jpg\"\n    data-image=\"https:\/\/www.fotokopia.hu\/wp\/wp-content\/uploads\/2015\/04\/DSC_6150.jpg\"\n    data-title=\"DSC_6150\">\n\n<img decoding=\"async\" alt=\"DSC_6049\"\n   src=\"https:\/\/www.fotokopia.hu\/wp\/wp-content\/uploads\/2015\/04\/DSC_6049-768x511.jpg\"\n    data-image=\"https:\/\/www.fotokopia.hu\/wp\/wp-content\/uploads\/2015\/04\/DSC_6049.jpg\"\n    data-title=\"DSC_6049\">\n\n<img decoding=\"async\" alt=\"DSC_5978\"\n   src=\"https:\/\/www.fotokopia.hu\/wp\/wp-content\/uploads\/2015\/04\/DSC_5978-768x511.jpg\"\n    data-image=\"https:\/\/www.fotokopia.hu\/wp\/wp-content\/uploads\/2015\/04\/DSC_5978.jpg\"\n    data-title=\"DSC_5978\">\n\n<img decoding=\"async\" alt=\"DSC_5906\"\n   src=\"https:\/\/www.fotokopia.hu\/wp\/wp-content\/uploads\/2015\/04\/DSC_5906-768x511.jpg\"\n    data-image=\"https:\/\/www.fotokopia.hu\/wp\/wp-content\/uploads\/2015\/04\/DSC_5906.jpg\"\n    data-title=\"DSC_5906\">\n\n<img decoding=\"async\" alt=\"DSC_5862\"\n   src=\"https:\/\/www.fotokopia.hu\/wp\/wp-content\/uploads\/2015\/04\/DSC_5862-768x511.jpg\"\n    data-image=\"https:\/\/www.fotokopia.hu\/wp\/wp-content\/uploads\/2015\/04\/DSC_5862.jpg\"\n    data-title=\"DSC_5862\">\n\n<img decoding=\"async\" alt=\"Timi\"\n   src=\"https:\/\/www.fotokopia.hu\/wp\/wp-content\/uploads\/2015\/05\/timi-18.jpg\"\n    data-image=\"https:\/\/www.fotokopia.hu\/wp\/wp-content\/uploads\/2015\/05\/timi-18.jpg\"\n    data-title=\"Timi\">\n\n<img decoding=\"async\" alt=\"Timi\"\n   src=\"https:\/\/www.fotokopia.hu\/wp\/wp-content\/uploads\/2015\/05\/timi-16.jpg\"\n    data-image=\"https:\/\/www.fotokopia.hu\/wp\/wp-content\/uploads\/2015\/05\/timi-16.jpg\"\n    data-title=\"Timi\">\n\n<img decoding=\"async\" alt=\"Timi\"\n   src=\"https:\/\/www.fotokopia.hu\/wp\/wp-content\/uploads\/2015\/05\/timi-17.jpg\"\n    data-image=\"https:\/\/www.fotokopia.hu\/wp\/wp-content\/uploads\/2015\/05\/timi-17.jpg\"\n    data-title=\"Timi\">\n\n<img decoding=\"async\" alt=\"Timi\"\n   src=\"https:\/\/www.fotokopia.hu\/wp\/wp-content\/uploads\/2015\/05\/timi-14.jpg\"\n    data-image=\"https:\/\/www.fotokopia.hu\/wp\/wp-content\/uploads\/2015\/05\/timi-14.jpg\"\n    data-title=\"Timi\">\n\n<img decoding=\"async\" alt=\"Timi\"\n   src=\"https:\/\/www.fotokopia.hu\/wp\/wp-content\/uploads\/2015\/05\/timi-15.jpg\"\n    data-image=\"https:\/\/www.fotokopia.hu\/wp\/wp-content\/uploads\/2015\/05\/timi-15.jpg\"\n    data-title=\"Timi\">\n\n<img decoding=\"async\" alt=\"Timi\"\n   src=\"https:\/\/www.fotokopia.hu\/wp\/wp-content\/uploads\/2015\/05\/timi-11.jpg\"\n    data-image=\"https:\/\/www.fotokopia.hu\/wp\/wp-content\/uploads\/2015\/05\/timi-11.jpg\"\n    data-title=\"Timi\">\n\n<img decoding=\"async\" alt=\"Timi\"\n   src=\"https:\/\/www.fotokopia.hu\/wp\/wp-content\/uploads\/2015\/05\/timi-12.jpg\"\n    data-image=\"https:\/\/www.fotokopia.hu\/wp\/wp-content\/uploads\/2015\/05\/timi-12.jpg\"\n    data-title=\"Timi\">\n\n  \n<\/div>\n<!-- end Compact Gallery -->\t\t\t\t<\/div>\n\t\t\t\t<\/div>\n\t\t\t\t\t<\/div>\n\t\t\t\t<\/div>\n\t\t\t\t<\/div>\n\t\t","protected":false},"excerpt":{"rendered":"<p>Portr\u00e9fot\u00f3k<\/p>\n","protected":false},"author":1,"featured_media":0,"parent":0,"menu_order":0,"comment_status":"closed","ping_status":"closed","template":"elementor_canvas","meta":{"footnotes":""},"class_list":["post-151","page","type-page","status-publish","hentry"],"aioseo_notices":[],"_links":{"self":[{"href":"https:\/\/www.fotokopia.hu\/index.php?rest_route=\/wp\/v2\/pages\/151","targetHints":{"allow":["GET"]}}],"collection":[{"href":"https:\/\/www.fotokopia.hu\/index.php?rest_route=\/wp\/v2\/pages"}],"about":[{"href":"https:\/\/www.fotokopia.hu\/index.php?rest_route=\/wp\/v2\/types\/page"}],"author":[{"embeddable":true,"href":"https:\/\/www.fotokopia.hu\/index.php?rest_route=\/wp\/v2\/users\/1"}],"replies":[{"embeddable":true,"href":"https:\/\/www.fotokopia.hu\/index.php?rest_route=%2Fwp%2Fv2%2Fcomments&post=151"}],"version-history":[{"count":60,"href":"https:\/\/www.fotokopia.hu\/index.php?rest_route=\/wp\/v2\/pages\/151\/revisions"}],"predecessor-version":[{"id":3785,"href":"https:\/\/www.fotokopia.hu\/index.php?rest_route=\/wp\/v2\/pages\/151\/revisions\/3785"}],"wp:attachment":[{"href":"https:\/\/www.fotokopia.hu\/index.php?rest_route=%2Fwp%2Fv2%2Fmedia&parent=151"}],"curies":[{"name":"wp","href":"https:\/\/api.w.org\/{rel}","templated":true}]}}