{"id":1284,"date":"2015-11-13T08:25:56","date_gmt":"2015-11-13T08:25:56","guid":{"rendered":"http:\/\/www.fotokopia.hu\/wp\/?page_id=1284"},"modified":"2025-01-10T12:12:32","modified_gmt":"2025-01-10T12:12:32","slug":"ajandekutalvany","status":"publish","type":"page","link":"https:\/\/www.fotokopia.hu\/?page_id=1284","title":{"rendered":"Aj\u00e1nd\u00e9kutalv\u00e1ny"},"content":{"rendered":"\t\t<div data-elementor-type=\"wp-page\" data-elementor-id=\"1284\" class=\"elementor elementor-1284\">\n\t\t\t\t<div class=\"elementor-element elementor-element-3c2bb142 e-flex e-con-boxed wpr-particle-no wpr-jarallax-no wpr-parallax-no wpr-sticky-section-no e-con e-parent\" data-id=\"3c2bb142\" data-element_type=\"container\" data-settings=\"{&quot;background_background&quot;:&quot;classic&quot;}\">\n\t\t\t\t\t<div class=\"e-con-inner\">\n\t\t\t\t<div class=\"elementor-element elementor-element-4815dfb elementor-widget elementor-widget-heading\" data-id=\"4815dfb\" data-element_type=\"widget\" data-widget_type=\"heading.default\">\n\t\t\t\t<div class=\"elementor-widget-container\">\n\t\t\t\t\t<h2 class=\"elementor-heading-title elementor-size-default\">Aj\u00e1nd\u00e9kutalv\u00e1ny<\/h2>\t\t\t\t<\/div>\n\t\t\t\t<\/div>\n\t\t\t\t<div class=\"elementor-element elementor-element-1fcd76f6 elementor-widget elementor-widget-text-editor\" data-id=\"1fcd76f6\" data-element_type=\"widget\" data-widget_type=\"text-editor.default\">\n\t\t\t\t<div class=\"elementor-widget-container\">\n\t\t\t\t\t\t\t\t\t<p>Lepd meg szeretetteidet egy szem\u00e9lyre sz\u00f3l\u00f3 aj\u00e1nd\u00e9kkal, ami csod\u00e1s \u00e9lm\u00e9ny, \u00e9s \u00f6r\u00f6k eml\u00e9k lesz a sz\u00e1mukra! Aj\u00e1nd\u00e9kutalv\u00e1nyt b\u00e1rmilyen fot\u00f3z\u00e1sra v\u00e1s\u00e1rolhatsz, melyet az \u00e1ltalad k\u00e9rt, egyedi sz\u00f6veg tesz k\u00fcl\u00f6nlegess\u00e9. Az utalv\u00e1ny a v\u00e1s\u00e1rl\u00e1st\u00f3l sz\u00e1m\u00edtott 3 h\u00f3napig haszn\u00e1lhat\u00f3 fel, \u00e9s szem\u00e9lyesen, vagy postai \u00faton veheted \u00e1t.<\/p><p>Az utalv\u00e1ny p\u00e9nzre nem v\u00e1lthat\u00f3.<\/p><p>Ig\u00e9nyl\u00e9shez, k\u00e9rlek, vedd fel velem a kapcsolatot b\u00e1rmelyik el\u00e9rhet\u0151s\u00e9gemen, vagy \u00edrj \u00fczenetet <strong><a title=\"Kapcsolat\" href=\"https:\/\/www.fotokopia.hu\/?page_id=178\">itt<\/a><\/strong>.<\/p>\t\t\t\t\t\t\t\t<\/div>\n\t\t\t\t<\/div>\n\t\t\t\t<div class=\"elementor-element elementor-element-43dcafc elementor-widget elementor-widget-image\" data-id=\"43dcafc\" data-element_type=\"widget\" data-widget_type=\"image.default\">\n\t\t\t\t<div class=\"elementor-widget-container\">\n\t\t\t\t\t\t\t\t\t\t\t\t\t\t\t<img fetchpriority=\"high\" decoding=\"async\" width=\"800\" height=\"450\" src=\"https:\/\/www.fotokopia.hu\/wp\/wp-content\/uploads\/2015\/11\/utalvanykicsi.jpg\" class=\"attachment-large size-large wp-image-1319\" alt=\"\" srcset=\"https:\/\/www.fotokopia.hu\/wp\/wp-content\/uploads\/2015\/11\/utalvanykicsi.jpg 800w, https:\/\/www.fotokopia.hu\/wp\/wp-content\/uploads\/2015\/11\/utalvanykicsi-300x169.jpg 300w\" sizes=\"(max-width: 800px) 100vw, 800px\" \/>\t\t\t\t\t\t\t\t\t\t\t\t\t\t\t<\/div>\n\t\t\t\t<\/div>\n\t\t\t\t\t<\/div>\n\t\t\t\t<\/div>\n\t\t\t\t<\/div>\n\t\t","protected":false},"excerpt":{"rendered":"<p>Aj\u00e1nd\u00e9kutalv\u00e1ny Lepd meg szeretetteidet egy szem\u00e9lyre sz\u00f3l\u00f3 aj\u00e1nd\u00e9kkal, ami csod\u00e1s \u00e9lm\u00e9ny, \u00e9s \u00f6r\u00f6k eml\u00e9k lesz a sz\u00e1mukra! Aj\u00e1nd\u00e9kutalv\u00e1nyt b\u00e1rmilyen fot\u00f3z\u00e1sra v\u00e1s\u00e1rolhatsz, melyet az \u00e1ltalad k\u00e9rt, egyedi sz\u00f6veg tesz k\u00fcl\u00f6nlegess\u00e9. Az utalv\u00e1ny a v\u00e1s\u00e1rl\u00e1st\u00f3l sz\u00e1m\u00edtott 3 h\u00f3napig haszn\u00e1lhat\u00f3 fel, \u00e9s szem\u00e9lyesen, vagy postai \u00faton veheted \u00e1t. Az utalv\u00e1ny p\u00e9nzre nem v\u00e1lthat\u00f3. Ig\u00e9nyl\u00e9shez, k\u00e9rlek, vedd fel velem a kapcsolatot b\u00e1rmelyik el\u00e9rhet\u0151s\u00e9gemen, vagy \u00edrj \u00fczenetet itt.<\/p>\n","protected":false},"author":1,"featured_media":0,"parent":0,"menu_order":0,"comment_status":"closed","ping_status":"closed","template":"elementor_canvas","meta":{"footnotes":""},"class_list":["post-1284","page","type-page","status-publish","hentry"],"aioseo_notices":[],"_links":{"self":[{"href":"https:\/\/www.fotokopia.hu\/index.php?rest_route=\/wp\/v2\/pages\/1284","targetHints":{"allow":["GET"]}}],"collection":[{"href":"https:\/\/www.fotokopia.hu\/index.php?rest_route=\/wp\/v2\/pages"}],"about":[{"href":"https:\/\/www.fotokopia.hu\/index.php?rest_route=\/wp\/v2\/types\/page"}],"author":[{"embeddable":true,"href":"https:\/\/www.fotokopia.hu\/index.php?rest_route=\/wp\/v2\/users\/1"}],"replies":[{"embeddable":true,"href":"https:\/\/www.fotokopia.hu\/index.php?rest_route=%2Fwp%2Fv2%2Fcomments&post=1284"}],"version-history":[{"count":31,"href":"https:\/\/www.fotokopia.hu\/index.php?rest_route=\/wp\/v2\/pages\/1284\/revisions"}],"predecessor-version":[{"id":3760,"href":"https:\/\/www.fotokopia.hu\/index.php?rest_route=\/wp\/v2\/pages\/1284\/revisions\/3760"}],"wp:attachment":[{"href":"https:\/\/www.fotokopia.hu\/index.php?rest_route=%2Fwp%2Fv2%2Fmedia&parent=1284"}],"curies":[{"name":"wp","href":"https:\/\/api.w.org\/{rel}","templated":true}]}}