{"id":1097,"date":"2015-09-11T18:51:46","date_gmt":"2015-09-11T18:51:46","guid":{"rendered":"http:\/\/www.fotokopia.hu\/wp\/?page_id=1097"},"modified":"2025-01-10T13:19:29","modified_gmt":"2025-01-10T13:19:29","slug":"parfotozas-jegyesfotozas","status":"publish","type":"page","link":"https:\/\/www.fotokopia.hu\/?page_id=1097","title":{"rendered":"P\u00e1rfot\u00f3z\u00e1s \/ Jegyesfot\u00f3z\u00e1s"},"content":{"rendered":"\t\t<div data-elementor-type=\"wp-page\" data-elementor-id=\"1097\" class=\"elementor elementor-1097\">\n\t\t\t\t<div class=\"elementor-element elementor-element-6c2c83cb e-flex e-con-boxed wpr-particle-no wpr-jarallax-no wpr-parallax-no wpr-sticky-section-no e-con e-parent\" data-id=\"6c2c83cb\" data-element_type=\"container\" data-settings=\"{&quot;background_background&quot;:&quot;classic&quot;}\">\n\t\t\t\t\t<div class=\"e-con-inner\">\n\t\t\t\t<div class=\"elementor-element elementor-element-29bb1af elementor-widget elementor-widget-heading\" data-id=\"29bb1af\" data-element_type=\"widget\" data-widget_type=\"heading.default\">\n\t\t\t\t<div class=\"elementor-widget-container\">\n\t\t\t\t\t<h2 class=\"elementor-heading-title elementor-size-default\">P\u00e1rfot\u00f3z\u00e1s \/ Jegyesfot\u00f3z\u00e1s<\/h2>\t\t\t\t<\/div>\n\t\t\t\t<\/div>\n\t\t\t\t<div class=\"elementor-element elementor-element-1af8d7d0 elementor-widget elementor-widget-text-editor\" data-id=\"1af8d7d0\" data-element_type=\"widget\" data-widget_type=\"text-editor.default\">\n\t\t\t\t<div class=\"elementor-widget-container\">\n\t\t\t\t\t\t\t\t\t<h5>Kinga \u00e9s Peti t\u00f6rt\u00e9nete<\/h5><p>Kinga szereti sz\u00ednsorrend szerint a szekr\u00e9nybe akasztani a ruh\u00e1it. A gy\u00fcm\u00f6lcs\u00f6s gumicukorb\u00f3l kienni a pirosat \u00e9s a pinket. S\u00e9t\u00e1lni, \u00e9s kis csokor mezei vir\u00e1got gy\u0171jteni.<br \/>Nem szereti, amikor teak\u00e9sz\u00edt\u00e9s sor\u00e1n a teaf\u0171 tart\u00f3 helyett az asztalra hullik a teaf\u0171. Amikor valaki elk\u00e9sik egy tal\u00e1lkoz\u00f3r\u00f3l, \u00e9s nem \u00fczeni meg, hogy k\u00e9sni fog, tov\u00e1bb\u00e1 a m\u0171k\u00f6rm\u00f6k l\u00e1tv\u00e1ny\u00e1t.<\/p><p>Peti szereti, ha aut\u00f3t vezethet \u00e9jszaka a Balaton mellett, mik\u00f6zben a h\u0171v\u00f6s menetsz\u00e9l becsap az ablakon. Szeret Sangri\u00e1t inni egy k\u00e1d forr\u00f3 v\u00edzben, \u00e9s a habf\u00fcrd\u0151 habj\u00e1t King\u00e1ra f\u00fajni. \u0150szi napon, f\u00e9lhom\u00e1lyban, \u00e1gyban fekve es\u0151cseppek koppan\u00e1s\u00e1t hallgatni az ablakon.<br \/>Nem szereti a m\u00e1snapos s\u00fcltkrumplit, joghurt foltj\u00e1t az ing\u00e9n, \u00e9s d\u00e9lben r\u00e1j\u00f6nni, hogy otthon maradt az eb\u00e9d.<\/p><p>Kinga \u00e9s Peti szeretnek k\u00f6z\u00f6sen francia hangulat\u00fa helyeket felfedezni Budapesten, hossz\u00fa \u00f3r\u00e1kig csod\u00e1lni a Balatont, (hisz mindketten ott n\u0151ttek fel), bolondozni a kiskuty\u00e1jukkal, Zsepivel, ki\u00e1ll\u00edt\u00e1smegnyit\u00f3kon pog\u00e1cs\u00e1t enni, sz\u00f3tlanul egym\u00e1s szem\u00e9be n\u00e9zni, p\u00e9ntek este t\u00e1ncolni a nappaliban, gyertyaf\u00e9nyben k\u00e1dban f\u00fcr\u00f6dni&#8230;<\/p><p>Kinga \u00e9s Peti k\u00f6z\u00f6s \u00e1lma, hogy Ibiz\u00e1n a Cafe Del Mar k\u00e1v\u00e9z\u00f3 terasz\u00e1n chill out zen\u00e9t hallgassanak \u00e9s kokt\u00e9lt igyanak, P\u00e1rizsban a Ladur\u00e9e cukr\u00e1szd\u00e1ban macaront egyenek. A Dun\u00e1ba l\u00e1bl\u00f3gatva melegszendvicset reggelizzenek, amilyen gyakran csak lehet. Nevessenek, m\u00edg a k\u00f6nny\u00fck kicsordul, \u00e9s egyszer egy takaros kis h\u00e1zik\u00f3ban \u00e9ljenek&#8230;<\/p>\t\t\t\t\t\t\t\t<\/div>\n\t\t\t\t<\/div>\n\t\t\t\t<div class=\"elementor-element elementor-element-1c14c768 elementor-widget elementor-widget-ucaddon_uc_compact_image_theme\" data-id=\"1c14c768\" data-element_type=\"widget\" data-widget_type=\"ucaddon_uc_compact_image_theme.default\">\n\t\t\t\t<div class=\"elementor-widget-container\">\n\t\t\t\t\t\n<!-- start Compact Gallery -->\n\t\t<link id='unitegallery-css' href='https:\/\/www.fotokopia.hu\/wp\/wp-content\/plugins\/unlimited-elements-for-elementor\/assets_libraries\/unitegallery\/css\/unite-gallery.css' type='text\/css' rel='stylesheet' >\n\n\n<div id=\"uc_uc_compact_image_theme_elementor_1c14c768\" class=\"uc-items-wrapper  \" style=\"display:none; margin:0 auto;\"  data-remote-type=\"gallery\" data-custom-sethtml=\"true\" >\n\n\n<img decoding=\"async\" alt=\"kp38\"\n   src=\"https:\/\/www.fotokopia.hu\/wp\/wp-content\/uploads\/2015\/04\/kp38.jpg\"\n    data-image=\"https:\/\/www.fotokopia.hu\/wp\/wp-content\/uploads\/2015\/04\/kp38.jpg\"\n    data-title=\"kp38\">\n\n<img decoding=\"async\" alt=\"kp39\"\n   src=\"https:\/\/www.fotokopia.hu\/wp\/wp-content\/uploads\/2015\/04\/kp39.jpg\"\n    data-image=\"https:\/\/www.fotokopia.hu\/wp\/wp-content\/uploads\/2015\/04\/kp39.jpg\"\n    data-title=\"kp39\">\n\n<img decoding=\"async\" alt=\"kp40\"\n   src=\"https:\/\/www.fotokopia.hu\/wp\/wp-content\/uploads\/2015\/04\/kp40.jpg\"\n    data-image=\"https:\/\/www.fotokopia.hu\/wp\/wp-content\/uploads\/2015\/04\/kp40.jpg\"\n    data-title=\"kp40\">\n\n<img decoding=\"async\" alt=\"kp37\"\n   src=\"https:\/\/www.fotokopia.hu\/wp\/wp-content\/uploads\/2015\/04\/kp37.jpg\"\n    data-image=\"https:\/\/www.fotokopia.hu\/wp\/wp-content\/uploads\/2015\/04\/kp37.jpg\"\n    data-title=\"kp37\">\n\n<img decoding=\"async\" alt=\"kp41\"\n   src=\"https:\/\/www.fotokopia.hu\/wp\/wp-content\/uploads\/2015\/04\/kp41.jpg\"\n    data-image=\"https:\/\/www.fotokopia.hu\/wp\/wp-content\/uploads\/2015\/04\/kp41.jpg\"\n    data-title=\"kp41\">\n\n<img decoding=\"async\" alt=\"kp42\"\n   src=\"https:\/\/www.fotokopia.hu\/wp\/wp-content\/uploads\/2015\/04\/kp42.jpg\"\n    data-image=\"https:\/\/www.fotokopia.hu\/wp\/wp-content\/uploads\/2015\/04\/kp42.jpg\"\n    data-title=\"kp42\">\n\n<img decoding=\"async\" alt=\"kp1 - Copy\"\n   src=\"https:\/\/www.fotokopia.hu\/wp\/wp-content\/uploads\/2015\/04\/kp1-Copy.jpg\"\n    data-image=\"https:\/\/www.fotokopia.hu\/wp\/wp-content\/uploads\/2015\/04\/kp1-Copy.jpg\"\n    data-title=\"kp1 - Copy\">\n\n<img decoding=\"async\" alt=\"kp48\"\n   src=\"https:\/\/www.fotokopia.hu\/wp\/wp-content\/uploads\/2015\/04\/kp48.jpg\"\n    data-image=\"https:\/\/www.fotokopia.hu\/wp\/wp-content\/uploads\/2015\/04\/kp48.jpg\"\n    data-title=\"kp48\">\n\n<img decoding=\"async\" alt=\"kp47\"\n   src=\"https:\/\/www.fotokopia.hu\/wp\/wp-content\/uploads\/2015\/04\/kp47.jpg\"\n    data-image=\"https:\/\/www.fotokopia.hu\/wp\/wp-content\/uploads\/2015\/04\/kp47.jpg\"\n    data-title=\"kp47\">\n\n<img decoding=\"async\" alt=\"kp46\"\n   src=\"https:\/\/www.fotokopia.hu\/wp\/wp-content\/uploads\/2015\/04\/kp46.jpg\"\n    data-image=\"https:\/\/www.fotokopia.hu\/wp\/wp-content\/uploads\/2015\/04\/kp46.jpg\"\n    data-title=\"kp46\">\n\n<img decoding=\"async\" alt=\"kp45\"\n   src=\"https:\/\/www.fotokopia.hu\/wp\/wp-content\/uploads\/2015\/04\/kp45.jpg\"\n    data-image=\"https:\/\/www.fotokopia.hu\/wp\/wp-content\/uploads\/2015\/04\/kp45.jpg\"\n    data-title=\"kp45\">\n\n<img decoding=\"async\" alt=\"kp57\"\n   src=\"https:\/\/www.fotokopia.hu\/wp\/wp-content\/uploads\/2015\/04\/kp57.jpg\"\n    data-image=\"https:\/\/www.fotokopia.hu\/wp\/wp-content\/uploads\/2015\/04\/kp57.jpg\"\n    data-title=\"kp57\">\n\n<img decoding=\"async\" alt=\"kp56\"\n   src=\"https:\/\/www.fotokopia.hu\/wp\/wp-content\/uploads\/2015\/04\/kp56.jpg\"\n    data-image=\"https:\/\/www.fotokopia.hu\/wp\/wp-content\/uploads\/2015\/04\/kp56.jpg\"\n    data-title=\"kp56\">\n\n<img decoding=\"async\" alt=\"kp54\"\n   src=\"https:\/\/www.fotokopia.hu\/wp\/wp-content\/uploads\/2015\/04\/kp54.jpg\"\n    data-image=\"https:\/\/www.fotokopia.hu\/wp\/wp-content\/uploads\/2015\/04\/kp54.jpg\"\n    data-title=\"kp54\">\n\n<img decoding=\"async\" alt=\"kp49\"\n   src=\"https:\/\/www.fotokopia.hu\/wp\/wp-content\/uploads\/2015\/04\/kp49.jpg\"\n    data-image=\"https:\/\/www.fotokopia.hu\/wp\/wp-content\/uploads\/2015\/04\/kp49.jpg\"\n    data-title=\"kp49\">\n\n<img decoding=\"async\" alt=\"kp50\"\n   src=\"https:\/\/www.fotokopia.hu\/wp\/wp-content\/uploads\/2015\/04\/kp50.jpg\"\n    data-image=\"https:\/\/www.fotokopia.hu\/wp\/wp-content\/uploads\/2015\/04\/kp50.jpg\"\n    data-title=\"kp50\">\n\n<img decoding=\"async\" alt=\"kp52\"\n   src=\"https:\/\/www.fotokopia.hu\/wp\/wp-content\/uploads\/2015\/04\/kp52.jpg\"\n    data-image=\"https:\/\/www.fotokopia.hu\/wp\/wp-content\/uploads\/2015\/04\/kp52.jpg\"\n    data-title=\"kp52\">\n\n<img decoding=\"async\" alt=\"kp43\"\n   src=\"https:\/\/www.fotokopia.hu\/wp\/wp-content\/uploads\/2015\/04\/kp43.jpg\"\n    data-image=\"https:\/\/www.fotokopia.hu\/wp\/wp-content\/uploads\/2015\/04\/kp43.jpg\"\n    data-title=\"kp43\">\n\n<img decoding=\"async\" alt=\"kp36\"\n   src=\"https:\/\/www.fotokopia.hu\/wp\/wp-content\/uploads\/2015\/04\/kp36.jpg\"\n    data-image=\"https:\/\/www.fotokopia.hu\/wp\/wp-content\/uploads\/2015\/04\/kp36.jpg\"\n    data-title=\"kp36\">\n\n<img decoding=\"async\" alt=\"kp2 - Copy\"\n   src=\"https:\/\/www.fotokopia.hu\/wp\/wp-content\/uploads\/2015\/04\/kp2-Copy.jpg\"\n    data-image=\"https:\/\/www.fotokopia.hu\/wp\/wp-content\/uploads\/2015\/04\/kp2-Copy.jpg\"\n    data-title=\"kp2 - Copy\">\n\n<img decoding=\"async\" alt=\"kp22\"\n   src=\"https:\/\/www.fotokopia.hu\/wp\/wp-content\/uploads\/2015\/04\/kp22.jpg\"\n    data-image=\"https:\/\/www.fotokopia.hu\/wp\/wp-content\/uploads\/2015\/04\/kp22.jpg\"\n    data-title=\"kp22\">\n\n<img decoding=\"async\" alt=\"kp20\"\n   src=\"https:\/\/www.fotokopia.hu\/wp\/wp-content\/uploads\/2015\/04\/kp20.jpg\"\n    data-image=\"https:\/\/www.fotokopia.hu\/wp\/wp-content\/uploads\/2015\/04\/kp20.jpg\"\n    data-title=\"kp20\">\n\n<img decoding=\"async\" alt=\"kp19\"\n   src=\"https:\/\/www.fotokopia.hu\/wp\/wp-content\/uploads\/2015\/04\/kp19.jpg\"\n    data-image=\"https:\/\/www.fotokopia.hu\/wp\/wp-content\/uploads\/2015\/04\/kp19.jpg\"\n    data-title=\"kp19\">\n\n<img decoding=\"async\" alt=\"kp18\"\n   src=\"https:\/\/www.fotokopia.hu\/wp\/wp-content\/uploads\/2015\/04\/kp18.jpg\"\n    data-image=\"https:\/\/www.fotokopia.hu\/wp\/wp-content\/uploads\/2015\/04\/kp18.jpg\"\n    data-title=\"kp18\">\n\n<img decoding=\"async\" alt=\"kp14\"\n   src=\"https:\/\/www.fotokopia.hu\/wp\/wp-content\/uploads\/2015\/04\/kp14.jpg\"\n    data-image=\"https:\/\/www.fotokopia.hu\/wp\/wp-content\/uploads\/2015\/04\/kp14.jpg\"\n    data-title=\"kp14\">\n\n<img decoding=\"async\" alt=\"kp10\"\n   src=\"https:\/\/www.fotokopia.hu\/wp\/wp-content\/uploads\/2015\/04\/kp10.jpg\"\n    data-image=\"https:\/\/www.fotokopia.hu\/wp\/wp-content\/uploads\/2015\/04\/kp10.jpg\"\n    data-title=\"kp10\">\n\n<img decoding=\"async\" alt=\"kp9\"\n   src=\"https:\/\/www.fotokopia.hu\/wp\/wp-content\/uploads\/2015\/04\/kp9.jpg\"\n    data-image=\"https:\/\/www.fotokopia.hu\/wp\/wp-content\/uploads\/2015\/04\/kp9.jpg\"\n    data-title=\"kp9\">\n\n<img decoding=\"async\" alt=\"kp6\"\n   src=\"https:\/\/www.fotokopia.hu\/wp\/wp-content\/uploads\/2015\/04\/kp6.jpg\"\n    data-image=\"https:\/\/www.fotokopia.hu\/wp\/wp-content\/uploads\/2015\/04\/kp6.jpg\"\n    data-title=\"kp6\">\n\n<img decoding=\"async\" alt=\"par_slide\"\n   src=\"https:\/\/www.fotokopia.hu\/wp\/wp-content\/uploads\/2015\/04\/par_slide.png\"\n    data-image=\"https:\/\/www.fotokopia.hu\/wp\/wp-content\/uploads\/2015\/04\/par_slide.png\"\n    data-title=\"par_slide\">\n\n<img decoding=\"async\" alt=\"kp29\"\n   src=\"https:\/\/www.fotokopia.hu\/wp\/wp-content\/uploads\/2015\/04\/kp29.jpg\"\n    data-image=\"https:\/\/www.fotokopia.hu\/wp\/wp-content\/uploads\/2015\/04\/kp29.jpg\"\n    data-title=\"kp29\">\n\n  \n<\/div>\n<!-- end Compact Gallery -->\t\t\t\t<\/div>\n\t\t\t\t<\/div>\n\t\t\t\t<div class=\"elementor-element elementor-element-e4c9d0d elementor-widget elementor-widget-text-editor\" data-id=\"e4c9d0d\" data-element_type=\"widget\" data-widget_type=\"text-editor.default\">\n\t\t\t\t<div class=\"elementor-widget-container\">\n\t\t\t\t\t\t\t\t\t<h5>Nusi \u00e9s Bal\u00e1zs jegyes fot\u00f3i<\/h5>\t\t\t\t\t\t\t\t<\/div>\n\t\t\t\t<\/div>\n\t\t\t\t<div class=\"elementor-element elementor-element-084fd2b elementor-widget elementor-widget-ucaddon_uc_compact_image_theme\" data-id=\"084fd2b\" data-element_type=\"widget\" data-widget_type=\"ucaddon_uc_compact_image_theme.default\">\n\t\t\t\t<div class=\"elementor-widget-container\">\n\t\t\t\t\t\n<!-- start Compact Gallery -->\n\n\n<div id=\"uc_uc_compact_image_theme_elementor_084fd2b\" class=\"uc-items-wrapper  \" style=\"display:none; margin:0 auto;\"  data-remote-type=\"gallery\" data-custom-sethtml=\"true\" >\n\n\n<img decoding=\"async\" alt=\"DSC_1704\"\n   src=\"https:\/\/www.fotokopia.hu\/wp\/wp-content\/uploads\/2021\/08\/DSC_1704-768x513.jpg\"\n    data-image=\"https:\/\/www.fotokopia.hu\/wp\/wp-content\/uploads\/2021\/08\/DSC_1704-scaled.jpg\"\n    data-title=\"DSC_1704\">\n\n<img decoding=\"async\" alt=\"DSC_1691\"\n   src=\"https:\/\/www.fotokopia.hu\/wp\/wp-content\/uploads\/2021\/08\/DSC_1691-768x1150.jpg\"\n    data-image=\"https:\/\/www.fotokopia.hu\/wp\/wp-content\/uploads\/2021\/08\/DSC_1691.jpg\"\n    data-title=\"DSC_1691\">\n\n<img decoding=\"async\" alt=\"DSC_1674\"\n   src=\"https:\/\/www.fotokopia.hu\/wp\/wp-content\/uploads\/2021\/08\/DSC_1674-768x1150.jpg\"\n    data-image=\"https:\/\/www.fotokopia.hu\/wp\/wp-content\/uploads\/2021\/08\/DSC_1674.jpg\"\n    data-title=\"DSC_1674\">\n\n<img decoding=\"async\" alt=\"DSC_1668\"\n   src=\"https:\/\/www.fotokopia.hu\/wp\/wp-content\/uploads\/2021\/08\/DSC_1668-768x513.jpg\"\n    data-image=\"https:\/\/www.fotokopia.hu\/wp\/wp-content\/uploads\/2021\/08\/DSC_1668-scaled.jpg\"\n    data-title=\"DSC_1668\">\n\n<img decoding=\"async\" alt=\"DSC_1654\"\n   src=\"https:\/\/www.fotokopia.hu\/wp\/wp-content\/uploads\/2021\/08\/DSC_1654-768x513.jpg\"\n    data-image=\"https:\/\/www.fotokopia.hu\/wp\/wp-content\/uploads\/2021\/08\/DSC_1654-scaled.jpg\"\n    data-title=\"DSC_1654\">\n\n<img decoding=\"async\" alt=\"DSC_1639\"\n   src=\"https:\/\/www.fotokopia.hu\/wp\/wp-content\/uploads\/2021\/08\/DSC_1639-768x513.jpg\"\n    data-image=\"https:\/\/www.fotokopia.hu\/wp\/wp-content\/uploads\/2021\/08\/DSC_1639-scaled.jpg\"\n    data-title=\"DSC_1639\">\n\n<img decoding=\"async\" alt=\"DSC_1623\"\n   src=\"https:\/\/www.fotokopia.hu\/wp\/wp-content\/uploads\/2021\/08\/DSC_1623-768x513.jpg\"\n    data-image=\"https:\/\/www.fotokopia.hu\/wp\/wp-content\/uploads\/2021\/08\/DSC_1623-scaled.jpg\"\n    data-title=\"DSC_1623\">\n\n<img decoding=\"async\" alt=\"DSC_1670\"\n   src=\"https:\/\/www.fotokopia.hu\/wp\/wp-content\/uploads\/2021\/08\/DSC_1670-768x513.jpg\"\n    data-image=\"https:\/\/www.fotokopia.hu\/wp\/wp-content\/uploads\/2021\/08\/DSC_1670-scaled.jpg\"\n    data-title=\"DSC_1670\">\n\n<img decoding=\"async\" alt=\"DSC_1650\"\n   src=\"https:\/\/www.fotokopia.hu\/wp\/wp-content\/uploads\/2021\/08\/DSC_1650-768x513.jpg\"\n    data-image=\"https:\/\/www.fotokopia.hu\/wp\/wp-content\/uploads\/2021\/08\/DSC_1650-scaled.jpg\"\n    data-title=\"DSC_1650\">\n\n<img decoding=\"async\" alt=\"DSC_1649\"\n   src=\"https:\/\/www.fotokopia.hu\/wp\/wp-content\/uploads\/2021\/08\/DSC_1649-768x513.jpg\"\n    data-image=\"https:\/\/www.fotokopia.hu\/wp\/wp-content\/uploads\/2021\/08\/DSC_1649-scaled.jpg\"\n    data-title=\"DSC_1649\">\n\n<img decoding=\"async\" alt=\"DSC_1626\"\n   src=\"https:\/\/www.fotokopia.hu\/wp\/wp-content\/uploads\/2021\/08\/DSC_1626-768x513.jpg\"\n    data-image=\"https:\/\/www.fotokopia.hu\/wp\/wp-content\/uploads\/2021\/08\/DSC_1626-scaled.jpg\"\n    data-title=\"DSC_1626\">\n\n<img decoding=\"async\" alt=\"DSC_1609\"\n   src=\"https:\/\/www.fotokopia.hu\/wp\/wp-content\/uploads\/2021\/08\/DSC_1609-768x1150.jpg\"\n    data-image=\"https:\/\/www.fotokopia.hu\/wp\/wp-content\/uploads\/2021\/08\/DSC_1609.jpg\"\n    data-title=\"DSC_1609\">\n\n<img decoding=\"async\" alt=\"DSC_1602\"\n   src=\"https:\/\/www.fotokopia.hu\/wp\/wp-content\/uploads\/2021\/08\/DSC_1602-768x1150.jpg\"\n    data-image=\"https:\/\/www.fotokopia.hu\/wp\/wp-content\/uploads\/2021\/08\/DSC_1602.jpg\"\n    data-title=\"DSC_1602\">\n\n<img decoding=\"async\" alt=\"DSC_1593\"\n   src=\"https:\/\/www.fotokopia.hu\/wp\/wp-content\/uploads\/2021\/08\/DSC_1593-768x513.jpg\"\n    data-image=\"https:\/\/www.fotokopia.hu\/wp\/wp-content\/uploads\/2021\/08\/DSC_1593-scaled.jpg\"\n    data-title=\"DSC_1593\">\n\n<img decoding=\"async\" alt=\"DSC_1588\"\n   src=\"https:\/\/www.fotokopia.hu\/wp\/wp-content\/uploads\/2021\/08\/DSC_1588-768x513.jpg\"\n    data-image=\"https:\/\/www.fotokopia.hu\/wp\/wp-content\/uploads\/2021\/08\/DSC_1588-scaled.jpg\"\n    data-title=\"DSC_1588\">\n\n<img decoding=\"async\" alt=\"DSC_1562\"\n   src=\"https:\/\/www.fotokopia.hu\/wp\/wp-content\/uploads\/2021\/08\/DSC_1562-768x513.jpg\"\n    data-image=\"https:\/\/www.fotokopia.hu\/wp\/wp-content\/uploads\/2021\/08\/DSC_1562-scaled.jpg\"\n    data-title=\"DSC_1562\">\n\n<img decoding=\"async\" alt=\"DSC_1607\"\n   src=\"https:\/\/www.fotokopia.hu\/wp\/wp-content\/uploads\/2021\/08\/DSC_1607-768x1150.jpg\"\n    data-image=\"https:\/\/www.fotokopia.hu\/wp\/wp-content\/uploads\/2021\/08\/DSC_1607.jpg\"\n    data-title=\"DSC_1607\">\n\n<img decoding=\"async\" alt=\"DSC_1594\"\n   src=\"https:\/\/www.fotokopia.hu\/wp\/wp-content\/uploads\/2021\/08\/DSC_1594-768x513.jpg\"\n    data-image=\"https:\/\/www.fotokopia.hu\/wp\/wp-content\/uploads\/2021\/08\/DSC_1594-scaled.jpg\"\n    data-title=\"DSC_1594\">\n\n<img decoding=\"async\" alt=\"DSC_1586\"\n   src=\"https:\/\/www.fotokopia.hu\/wp\/wp-content\/uploads\/2021\/08\/DSC_1586-768x513.jpg\"\n    data-image=\"https:\/\/www.fotokopia.hu\/wp\/wp-content\/uploads\/2021\/08\/DSC_1586-scaled.jpg\"\n    data-title=\"DSC_1586\">\n\n<img decoding=\"async\" alt=\"DSC_1584\"\n   src=\"https:\/\/www.fotokopia.hu\/wp\/wp-content\/uploads\/2021\/08\/DSC_1584-768x513.jpg\"\n    data-image=\"https:\/\/www.fotokopia.hu\/wp\/wp-content\/uploads\/2021\/08\/DSC_1584-scaled.jpg\"\n    data-title=\"DSC_1584\">\n\n<img decoding=\"async\" alt=\"DSC_1569\"\n   src=\"https:\/\/www.fotokopia.hu\/wp\/wp-content\/uploads\/2021\/08\/DSC_1569-768x513.jpg\"\n    data-image=\"https:\/\/www.fotokopia.hu\/wp\/wp-content\/uploads\/2021\/08\/DSC_1569-scaled.jpg\"\n    data-title=\"DSC_1569\">\n\n<img decoding=\"async\" alt=\"DSC_1564\"\n   src=\"https:\/\/www.fotokopia.hu\/wp\/wp-content\/uploads\/2021\/08\/DSC_1564-768x513.jpg\"\n    data-image=\"https:\/\/www.fotokopia.hu\/wp\/wp-content\/uploads\/2021\/08\/DSC_1564-scaled.jpg\"\n    data-title=\"DSC_1564\">\n\n<img decoding=\"async\" alt=\"DSC_1560\"\n   src=\"https:\/\/www.fotokopia.hu\/wp\/wp-content\/uploads\/2021\/08\/DSC_1560-768x513.jpg\"\n    data-image=\"https:\/\/www.fotokopia.hu\/wp\/wp-content\/uploads\/2021\/08\/DSC_1560-scaled.jpg\"\n    data-title=\"DSC_1560\">\n\n<img decoding=\"async\" alt=\"DSC_1556\"\n   src=\"https:\/\/www.fotokopia.hu\/wp\/wp-content\/uploads\/2021\/08\/DSC_1556-768x513.jpg\"\n    data-image=\"https:\/\/www.fotokopia.hu\/wp\/wp-content\/uploads\/2021\/08\/DSC_1556-scaled.jpg\"\n    data-title=\"DSC_1556\">\n\n  \n<\/div>\n<!-- end Compact Gallery -->\t\t\t\t<\/div>\n\t\t\t\t<\/div>\n\t\t\t\t\t<\/div>\n\t\t\t\t<\/div>\n\t\t\t\t<\/div>\n\t\t","protected":false},"excerpt":{"rendered":"<p>P\u00e1rfot\u00f3z\u00e1s \/ Jegyesfot\u00f3z\u00e1s Kinga \u00e9s Peti t\u00f6rt\u00e9nete Kinga szereti sz\u00ednsorrend szerint a szekr\u00e9nybe akasztani a ruh\u00e1it. A gy\u00fcm\u00f6lcs\u00f6s gumicukorb\u00f3l kienni a pirosat \u00e9s a pinket. S\u00e9t\u00e1lni, \u00e9s kis csokor mezei vir\u00e1got gy\u0171jteni.Nem szereti, amikor teak\u00e9sz\u00edt\u00e9s sor\u00e1n a teaf\u0171 tart\u00f3 helyett az asztalra hullik a teaf\u0171. Amikor valaki elk\u00e9sik egy tal\u00e1lkoz\u00f3r\u00f3l, \u00e9s nem \u00fczeni meg, hogy k\u00e9sni fog, tov\u00e1bb\u00e1 a m\u0171k\u00f6rm\u00f6k l\u00e1tv\u00e1ny\u00e1t. Peti szereti, ha aut\u00f3t vezethet \u00e9jszaka a Balaton mellett, mik\u00f6zben a h\u0171v\u00f6s menetsz\u00e9l becsap az ablakon. Szeret Sangri\u00e1t inni egy k\u00e1d forr\u00f3 v\u00edzben, \u00e9s a habf\u00fcrd\u0151 habj\u00e1t King\u00e1ra f\u00fajni. \u0150szi napon, f\u00e9lhom\u00e1lyban, \u00e1gyban fekve es\u0151cseppek koppan\u00e1s\u00e1t hallgatni az ablakon.Nem szereti a m\u00e1snapos s\u00fcltkrumplit, joghurt foltj\u00e1t az ing\u00e9n, \u00e9s d\u00e9lben r\u00e1j\u00f6nni, hogy otthon maradt az eb\u00e9d. Kinga \u00e9s Peti szeretnek k\u00f6z\u00f6sen francia hangulat\u00fa helyeket felfedezni Budapesten, hossz\u00fa \u00f3r\u00e1kig csod\u00e1lni a Balatont, (hisz mindketten ott n\u0151ttek fel), bolondozni a kiskuty\u00e1jukkal, Zsepivel, ki\u00e1ll\u00edt\u00e1smegnyit\u00f3kon pog\u00e1cs\u00e1t enni, sz\u00f3tlanul egym\u00e1s szem\u00e9be n\u00e9zni, p\u00e9ntek este t\u00e1ncolni a nappaliban, gyertyaf\u00e9nyben k\u00e1dban f\u00fcr\u00f6dni&#8230; Kinga \u00e9s Peti k\u00f6z\u00f6s \u00e1lma, hogy Ibiz\u00e1n a Cafe Del Mar k\u00e1v\u00e9z\u00f3 terasz\u00e1n chill out zen\u00e9t hallgassanak \u00e9s kokt\u00e9lt igyanak, P\u00e1rizsban a Ladur\u00e9e cukr\u00e1szd\u00e1ban macaront egyenek. A Dun\u00e1ba l\u00e1bl\u00f3gatva melegszendvicset reggelizzenek, amilyen gyakran csak lehet. Nevessenek, m\u00edg a k\u00f6nny\u00fck kicsordul, \u00e9s egyszer egy takaros kis h\u00e1zik\u00f3ban \u00e9ljenek&#8230; Nusi \u00e9s Bal\u00e1zs jegyes fot\u00f3i<\/p>\n","protected":false},"author":1,"featured_media":0,"parent":0,"menu_order":0,"comment_status":"closed","ping_status":"closed","template":"","meta":{"footnotes":""},"class_list":["post-1097","page","type-page","status-publish","hentry"],"aioseo_notices":[],"_links":{"self":[{"href":"https:\/\/www.fotokopia.hu\/index.php?rest_route=\/wp\/v2\/pages\/1097","targetHints":{"allow":["GET"]}}],"collection":[{"href":"https:\/\/www.fotokopia.hu\/index.php?rest_route=\/wp\/v2\/pages"}],"about":[{"href":"https:\/\/www.fotokopia.hu\/index.php?rest_route=\/wp\/v2\/types\/page"}],"author":[{"embeddable":true,"href":"https:\/\/www.fotokopia.hu\/index.php?rest_route=\/wp\/v2\/users\/1"}],"replies":[{"embeddable":true,"href":"https:\/\/www.fotokopia.hu\/index.php?rest_route=%2Fwp%2Fv2%2Fcomments&post=1097"}],"version-history":[{"count":48,"href":"https:\/\/www.fotokopia.hu\/index.php?rest_route=\/wp\/v2\/pages\/1097\/revisions"}],"predecessor-version":[{"id":3782,"href":"https:\/\/www.fotokopia.hu\/index.php?rest_route=\/wp\/v2\/pages\/1097\/revisions\/3782"}],"wp:attachment":[{"href":"https:\/\/www.fotokopia.hu\/index.php?rest_route=%2Fwp%2Fv2%2Fmedia&parent=1097"}],"curies":[{"name":"wp","href":"https:\/\/api.w.org\/{rel}","templated":true}]}}